{"id":32887,"date":"2025-04-27T11:00:52","date_gmt":"2025-04-27T09:00:52","guid":{"rendered":"https:\/\/koussikou.ch\/?post_type=product&#038;p=32887"},"modified":"2025-05-02T12:54:07","modified_gmt":"2025-05-02T10:54:07","slug":"hoopo-shovel","status":"publish","type":"product","link":"https:\/\/koussikou.ch\/fr\/produit\/hoopo-shovel\/","title":{"rendered":"Hoopo &#8211; Litter Shovel"},"content":{"rendered":"<p>Cette innovante <strong><span style=\"color: #83b735;\">pelle \u00e0 liti\u00e8re<\/span><\/strong> est sp\u00e9cialement con\u00e7ue pour rendre le nettoyage de la liti\u00e8re de votre chat facile et efficace. Gr\u00e2ce \u00e0 son mat\u00e9riau robuste en acier inoxydable combin\u00e9 \u00e0 un manche confortable en bois de h\u00eatre, la pelle tient bien en main et offre une longue durabilit\u00e9.<br \/>\nUn crochet ing\u00e9nieusement con\u00e7u permet de la poser facilement contre votre bac \u00e0 liti\u00e8re ouvert, tandis que l'\u0153illet de suspension vous permet de l\u2019accrocher proprement.<\/p>\n<p>La pelle est non seulement une solution pratique, mais aussi un ajout \u00e9l\u00e9gant aux soins quotidiens de votre chat. Elle rend le nettoyage de la liti\u00e8re un peu plus agr\u00e9able !<\/p>\n<blockquote><p><strong><span style=\"color: #83b735;\">Principaux avantages<\/span><\/strong><\/p><\/blockquote>\n<p>\u2714 Le sable propre passe rapidement \u00e0 travers la pelle.<br \/>\n\u2714 Accumulation minimale de poussi\u00e8re.<br \/>\n\u2714 Facile \u00e0 manipuler.<br \/>\n\u2714 Fabriqu\u00e9e en acier inoxydable robuste avec un manche en bois de h\u00eatre.<br \/>\n\u2714 Avec crochet pour la poser contre un bac ouvert.<br \/>\n\u2714 L'\u0153illet de suspension permet de l\u2019accrocher facilement.<br \/>\n\u2714 Rend le nettoyage du bac \u00e0 liti\u00e8re simple et efficace.<\/p>","protected":false},"excerpt":{"rendered":"<p>Rendez le nettoyage du bac \u00e0 liti\u00e8re facile avec la pelle \u00e0 liti\u00e8re Hoopo ! Cette pelle ergonomique tamise ais\u00e9ment la liti\u00e8re agglom\u00e9rante tout en r\u00e9duisant le gaspillage. Elle garantit une exp\u00e9rience propre et hygi\u00e9nique.<\/p>","protected":false},"featured_media":32890,"template":"","meta":[],"product_brand":[],"product_cat":[42,104,121],"product_tag":[],"class_list":{"0":"post-32887","1":"product","2":"type-product","3":"status-publish","4":"has-post-thumbnail","6":"product_cat-all","7":"product_cat-cats","8":"product_cat-toilet","10":"first","11":"instock","12":"shipping-taxable","13":"purchasable","14":"product-type-simple"},"_links":{"self":[{"href":"https:\/\/koussikou.ch\/fr\/wp-json\/wp\/v2\/product\/32887","targetHints":{"allow":["GET"]}}],"collection":[{"href":"https:\/\/koussikou.ch\/fr\/wp-json\/wp\/v2\/product"}],"about":[{"href":"https:\/\/koussikou.ch\/fr\/wp-json\/wp\/v2\/types\/product"}],"version-history":[{"count":4,"href":"https:\/\/koussikou.ch\/fr\/wp-json\/wp\/v2\/product\/32887\/revisions"}],"predecessor-version":[{"id":32966,"href":"https:\/\/koussikou.ch\/fr\/wp-json\/wp\/v2\/product\/32887\/revisions\/32966"}],"wp:featuredmedia":[{"embeddable":true,"href":"https:\/\/koussikou.ch\/fr\/wp-json\/wp\/v2\/media\/32890"}],"wp:attachment":[{"href":"https:\/\/koussikou.ch\/fr\/wp-json\/wp\/v2\/media?parent=32887"}],"wp:term":[{"taxonomy":"product_brand","embeddable":true,"href":"https:\/\/koussikou.ch\/fr\/wp-json\/wp\/v2\/product_brand?post=32887"},{"taxonomy":"product_cat","embeddable":true,"href":"https:\/\/koussikou.ch\/fr\/wp-json\/wp\/v2\/product_cat?post=32887"},{"taxonomy":"product_tag","embeddable":true,"href":"https:\/\/koussikou.ch\/fr\/wp-json\/wp\/v2\/product_tag?post=32887"}],"curies":[{"name":"wp","href":"https:\/\/api.w.org\/{rel}","templated":true}]}}