{"id":32893,"date":"2025-04-27T11:14:22","date_gmt":"2025-04-27T09:14:22","guid":{"rendered":"https:\/\/koussikou.ch\/?post_type=product&#038;p=32893"},"modified":"2025-05-11T11:55:36","modified_gmt":"2025-05-11T09:55:36","slug":"hoopo-globes-playballs-3x","status":"publish","type":"product","link":"https:\/\/koussikou.ch\/fr\/produit\/hoopo-globes-playballs-3x\/","title":{"rendered":"Hoopo &#8211; Globes Playballs 3x"},"content":{"rendered":"<p><strong><span style=\"color: #83b735;\">Le set de trois balles de jeu Hoopo Globes<\/span><\/strong> est sp\u00e9cialement con\u00e7u pour stimuler les instincts naturels des chats et leur offrir des heures de divertissement. Chaque balle est soigneusement fabriqu\u00e9e en corde de sisal durable et robuste, la rendant r\u00e9sistante m\u00eame aux sessions de jeu les plus intenses. Ce mat\u00e9riau naturel offre une texture id\u00e9ale pour garder leurs griffes aiguis\u00e9es et en bonne sant\u00e9.<\/p>\n<p>Gr\u00e2ce \u00e0 leur taille XL, les chats peuvent se sentir comme de v\u00e9ritables chasseurs et utiliser les balles pour jouer et donner des coups de pattes. Avec un poids de seulement 70 grammes par balle, m\u00eame les chats plus petits peuvent les manipuler ais\u00e9ment.<\/p>\n<p>Jouer et donner des coups de patte procure \u00e0 votre chat une sensation de confort, de satisfaction et de relaxation, faisant de ce jouet le cadeau id\u00e9al pour votre compagnon \u00e0 fourrure.<\/p>\n<blockquote><p><strong><span style=\"color: #83b735;\">Principaux avantages<\/span><\/strong><\/p><\/blockquote>\n<p>\u2714 Fabriqu\u00e9 en corde de sisal de haute qualit\u00e9.<br \/>\n\u2714 Con\u00e7u sp\u00e9cialement pour stimuler les instincts naturels.<br \/>\n\u2714 Design cr\u00e9atif qui s\u2019int\u00e8gre \u00e0 tout int\u00e9rieur.<br \/>\n\u2714 Taille XL, mais l\u00e9ger.<br \/>\n\u2714 Offre la sensation d\u2019un coussin de t\u00e9t\u00e9e et d\u2019une balle de jeu.<br \/>\n\u2714 Un lot de 3 jouets irr\u00e9sistibles pour votre chat.<\/p>\n<blockquote><p><strong><span style=\"color: #83b735;\">Convient \u00e0 mon chat ? \ud83d\udc08\u200d\u2b1b<\/span><\/strong><\/p><\/blockquote>\n<p>Les Globes conviennent \u00e0 tous les chats et encouragent votre f\u00e9lin \u00e0 utiliser ses instincts naturels, comme tapoter et p\u00e9trir. Cela peut les aider \u00e0 r\u00e9duire les sensations de stress, d\u2019anxi\u00e9t\u00e9 et d\u2019ennui.<\/p>","protected":false},"excerpt":{"rendered":"<p>Hoopo \u2013 Globes Playballs \u2013 le jeu ultime pour les chats joueurs ! L\u00e9gers, durables et con\u00e7us pour des s\u00e9ances interminables de poursuite et de coups de patte. Amusez votre f\u00e9lin !<\/p>","protected":false},"featured_media":32904,"template":"","meta":[],"product_brand":[],"product_cat":[42,104,105],"product_tag":[],"class_list":{"0":"post-32893","1":"product","2":"type-product","3":"status-publish","4":"has-post-thumbnail","6":"product_cat-all","7":"product_cat-cats","8":"product_cat-toys-cats","10":"first","11":"instock","12":"shipping-taxable","13":"purchasable","14":"product-type-simple"},"_links":{"self":[{"href":"https:\/\/koussikou.ch\/fr\/wp-json\/wp\/v2\/product\/32893","targetHints":{"allow":["GET"]}}],"collection":[{"href":"https:\/\/koussikou.ch\/fr\/wp-json\/wp\/v2\/product"}],"about":[{"href":"https:\/\/koussikou.ch\/fr\/wp-json\/wp\/v2\/types\/product"}],"version-history":[{"count":6,"href":"https:\/\/koussikou.ch\/fr\/wp-json\/wp\/v2\/product\/32893\/revisions"}],"predecessor-version":[{"id":32905,"href":"https:\/\/koussikou.ch\/fr\/wp-json\/wp\/v2\/product\/32893\/revisions\/32905"}],"wp:featuredmedia":[{"embeddable":true,"href":"https:\/\/koussikou.ch\/fr\/wp-json\/wp\/v2\/media\/32904"}],"wp:attachment":[{"href":"https:\/\/koussikou.ch\/fr\/wp-json\/wp\/v2\/media?parent=32893"}],"wp:term":[{"taxonomy":"product_brand","embeddable":true,"href":"https:\/\/koussikou.ch\/fr\/wp-json\/wp\/v2\/product_brand?post=32893"},{"taxonomy":"product_cat","embeddable":true,"href":"https:\/\/koussikou.ch\/fr\/wp-json\/wp\/v2\/product_cat?post=32893"},{"taxonomy":"product_tag","embeddable":true,"href":"https:\/\/koussikou.ch\/fr\/wp-json\/wp\/v2\/product_tag?post=32893"}],"curies":[{"name":"wp","href":"https:\/\/api.w.org\/{rel}","templated":true}]}}