{"id":32919,"date":"2025-04-27T15:37:29","date_gmt":"2025-04-27T13:37:29","guid":{"rendered":"https:\/\/koussikou.ch\/?post_type=product&#038;p=32919"},"modified":"2025-05-02T12:59:21","modified_gmt":"2025-05-02T10:59:21","slug":"hoopo-flip-cat-bed","status":"publish","type":"product","link":"https:\/\/koussikou.ch\/fr\/produit\/hoopo-flip-cat-bed\/","title":{"rendered":"Hoopo &#8211; Flip Cat Bed"},"content":{"rendered":"<p>Ce lit pour chat ultra doux allie un savoir-faire de haute qualit\u00e9 aux meilleurs mat\u00e9riaux. Cr\u00e9ez un espace de sommeil confortable partout dans la maison avec <strong><span style=\"color: #83b735;\">le lit Flip<\/span><\/strong>, qui peut \u00eatre plac\u00e9 sur une chaise ou un canap\u00e9. Le Flip poss\u00e8de une face fra\u00eeche et une face chaude et est disponible en quatre couleurs. Si la couverture se salit, elle peut \u00eatre facilement lav\u00e9e en machine.<\/p>\n<blockquote><p><strong><span style=\"color: #83b735;\">Principaux avantages :<\/span><\/strong><\/p><\/blockquote>\n<p>\u2714 Lit pour chat ultra doux et confortable.<br \/>\n\u2714 Lavable en machine \u00e0 30\u00baC.<br \/>\n\u2714 Disponible en quatre couleurs.<br \/>\n\u2714 Le Flip poss\u00e8de une face fra\u00eeche et une face ultra douce et chaude.<br \/>\n\u2714 Un bel ajout \u00e0 votre d\u00e9coration int\u00e9rieure.<\/p>\n<blockquote><p><strong><span style=\"color: #83b735;\">Convient \u00e0 mon chat ? \ud83d\udc08\u200d\u2b1b<\/span><\/strong><\/p><\/blockquote>\n<p>Le Flip convient \u00e0 tous les chats et poss\u00e8de une face fra\u00eeche pour les \u00e9t\u00e9s chauds et une face chaude et ultra douce pour l\u2019hiver.<\/p>","protected":false},"excerpt":{"rendered":"<p>Chaleureux, styl\u00e9 et polyvalent\u2014Flip est le lit pour chat ultime ! Un confort ultra-doux, une face chaude et une face fra\u00eeche. Parfait pour les chaises, les canap\u00e9s et tous les endroits o\u00f9 votre chat aime faire la sieste ! Disponible en quatre couleurs \u00e9l\u00e9gantes.<\/p>","protected":false},"featured_media":32923,"template":"","meta":[],"product_brand":[],"product_cat":[42,104,129],"product_tag":[],"class_list":{"0":"post-32919","1":"product","2":"type-product","3":"status-publish","4":"has-post-thumbnail","6":"product_cat-all","7":"product_cat-cats","8":"product_cat-sleep-relax-cats","10":"first","11":"instock","12":"shipping-taxable","13":"purchasable","14":"product-type-variable"},"_links":{"self":[{"href":"https:\/\/koussikou.ch\/fr\/wp-json\/wp\/v2\/product\/32919","targetHints":{"allow":["GET"]}}],"collection":[{"href":"https:\/\/koussikou.ch\/fr\/wp-json\/wp\/v2\/product"}],"about":[{"href":"https:\/\/koussikou.ch\/fr\/wp-json\/wp\/v2\/types\/product"}],"version-history":[{"count":4,"href":"https:\/\/koussikou.ch\/fr\/wp-json\/wp\/v2\/product\/32919\/revisions"}],"predecessor-version":[{"id":32945,"href":"https:\/\/koussikou.ch\/fr\/wp-json\/wp\/v2\/product\/32919\/revisions\/32945"}],"wp:featuredmedia":[{"embeddable":true,"href":"https:\/\/koussikou.ch\/fr\/wp-json\/wp\/v2\/media\/32923"}],"wp:attachment":[{"href":"https:\/\/koussikou.ch\/fr\/wp-json\/wp\/v2\/media?parent=32919"}],"wp:term":[{"taxonomy":"product_brand","embeddable":true,"href":"https:\/\/koussikou.ch\/fr\/wp-json\/wp\/v2\/product_brand?post=32919"},{"taxonomy":"product_cat","embeddable":true,"href":"https:\/\/koussikou.ch\/fr\/wp-json\/wp\/v2\/product_cat?post=32919"},{"taxonomy":"product_tag","embeddable":true,"href":"https:\/\/koussikou.ch\/fr\/wp-json\/wp\/v2\/product_tag?post=32919"}],"curies":[{"name":"wp","href":"https:\/\/api.w.org\/{rel}","templated":true}]}}