{"id":32950,"date":"2025-04-27T16:00:51","date_gmt":"2025-04-27T14:00:51","guid":{"rendered":"https:\/\/koussikou.ch\/?post_type=product&#038;p=32950"},"modified":"2025-05-11T11:44:16","modified_gmt":"2025-05-11T09:44:16","slug":"hoopo-mini-donuts-cat-toy-3x","status":"publish","type":"product","link":"https:\/\/koussikou.ch\/fr\/produit\/hoopo-mini-donuts-cat-toy-3x\/","title":{"rendered":"Hoopo &#8211; Mini Donuts Cat toy 3x"},"content":{"rendered":"<p><strong><span style=\"color: #83b735;\">Les Mini Donuts<\/span><\/strong> sont vendus par lot de 3 et produisent un bruit de craquement lorsqu'on les mord ou les presse, offrant \u00e0 votre chat une proie id\u00e9ale. Lancez les Mini Donuts devant vous ou placez-les dans l\u2019aire de jeu pr\u00e9f\u00e9r\u00e9e de votre chat. Les Mini Donuts sont con\u00e7us pour garantir un amusement durable.<\/p>\n<blockquote><p><span style=\"color: #83b735;\"><strong>Principaux avantages<\/strong><\/span><\/p><\/blockquote>\n<p>\u2714 Un lot de 3 jouets irr\u00e9sistibles pour votre chat.<br \/>\n\u2714 Les couleurs sont m\u00e9lang\u00e9es, donc chaque set est une surprise.<br \/>\n\u2714 Une proie parfaite pour votre chat gr\u00e2ce \u00e0 leur l\u00e9g\u00e8ret\u00e9 et au bruit de craquement lorsqu\u2019on les presse ou les mord.<br \/>\n\u2714 Les Mini Donuts sont robustes et assurent de longues heures de jeu.<\/p>\n<blockquote><p><span style=\"color: #83b735;\"><strong>Convient-il \u00e0 mon chat ?<\/strong><\/span><\/p><\/blockquote>\n<p>Le jouet Mini Donuts convient \u00e0 tous les chats et, gr\u00e2ce \u00e0 son joli emballage, constitue \u00e9galement un cadeau id\u00e9al.<\/p>","protected":false},"excerpt":{"rendered":"<p>Un plaisir irr\u00e9sistible et craquant pour chaque chat joueur ! Les Mini Donuts sont vendus par lot de trois. Un divertissement durable garanti !<\/p>","protected":false},"featured_media":32960,"template":"","meta":[],"product_brand":[],"product_cat":[42,104,32,105],"product_tag":[],"class_list":{"0":"post-32950","1":"product","2":"type-product","3":"status-publish","4":"has-post-thumbnail","6":"product_cat-all","7":"product_cat-cats","8":"product_cat-furniture","9":"product_cat-toys-cats","11":"first","12":"instock","13":"shipping-taxable","14":"purchasable","15":"product-type-simple"},"_links":{"self":[{"href":"https:\/\/koussikou.ch\/fr\/wp-json\/wp\/v2\/product\/32950","targetHints":{"allow":["GET"]}}],"collection":[{"href":"https:\/\/koussikou.ch\/fr\/wp-json\/wp\/v2\/product"}],"about":[{"href":"https:\/\/koussikou.ch\/fr\/wp-json\/wp\/v2\/types\/product"}],"version-history":[{"count":2,"href":"https:\/\/koussikou.ch\/fr\/wp-json\/wp\/v2\/product\/32950\/revisions"}],"predecessor-version":[{"id":32964,"href":"https:\/\/koussikou.ch\/fr\/wp-json\/wp\/v2\/product\/32950\/revisions\/32964"}],"wp:featuredmedia":[{"embeddable":true,"href":"https:\/\/koussikou.ch\/fr\/wp-json\/wp\/v2\/media\/32960"}],"wp:attachment":[{"href":"https:\/\/koussikou.ch\/fr\/wp-json\/wp\/v2\/media?parent=32950"}],"wp:term":[{"taxonomy":"product_brand","embeddable":true,"href":"https:\/\/koussikou.ch\/fr\/wp-json\/wp\/v2\/product_brand?post=32950"},{"taxonomy":"product_cat","embeddable":true,"href":"https:\/\/koussikou.ch\/fr\/wp-json\/wp\/v2\/product_cat?post=32950"},{"taxonomy":"product_tag","embeddable":true,"href":"https:\/\/koussikou.ch\/fr\/wp-json\/wp\/v2\/product_tag?post=32950"}],"curies":[{"name":"wp","href":"https:\/\/api.w.org\/{rel}","templated":true}]}}