{"id":32968,"date":"2025-04-28T11:08:17","date_gmt":"2025-04-28T09:08:17","guid":{"rendered":"https:\/\/koussikou.ch\/?post_type=product&#038;p=32968"},"modified":"2025-05-02T13:00:00","modified_gmt":"2025-05-02T11:00:00","slug":"hoopo-base-placemat","status":"publish","type":"product","link":"https:\/\/koussikou.ch\/fr\/produit\/hoopo-base-placemat\/","title":{"rendered":"Hoopo &#8211; Base Placemat"},"content":{"rendered":"<p><span style=\"color: #83b735;\"><strong>Le set de table Base<\/strong><\/span> est fabriqu\u00e9 en 100 % silicone, sans BPA et donc sans danger pour votre chat. Gr\u00e2ce \u00e0 ce mat\u00e9riau, le set de table est enti\u00e8rement antid\u00e9rapant, ce qui permet \u00e0 la gamelle de nourriture ou d\u2019eau de rester en place sans bouger pendant que votre chat mange. Son design durable est non seulement une belle addition \u00e0 tout int\u00e9rieur, mais il est aussi facile \u00e0 rouler et \u00e0 emporter avec vous. Le rebord sur\u00e9lev\u00e9 emp\u00eache l\u2019eau ou toute autre humidit\u00e9 de s\u2019\u00e9couler hors du set de table. Gr\u00e2ce aux diff\u00e9rentes couleurs disponibles, vous pouvez les combiner et assortir de mani\u00e8re cr\u00e9ative. Le set de table Base est facile \u00e0 nettoyer avec un chiffon humide et peut \u00e9galement \u00eatre plac\u00e9 directement dans le lave-vaisselle.<\/p>\n<blockquote><p><strong><span style=\"color: #83b735;\">Principaux avantages<\/span><\/strong><\/p><\/blockquote>\n<p>\u2714 Les gamelles restent fermement en place et ne bougent pas pendant que votre chat mange ou boit.<br \/>\n\u2714 Parfait \u00e0 utiliser avec la Hoopo Tower, Ring ou Plate.<br \/>\n\u2714 Disponible en rose \/ blanc \/ gris.<br \/>\n\u2714 Le bord sur\u00e9lev\u00e9 emp\u00eache l\u2019eau de s\u2019\u00e9couler hors du set de table.<br \/>\n\u2714 Facile \u00e0 rouler et \u00e0 transporter : pratique pour les voyages.<br \/>\n\u2714 Un atout pour tout int\u00e9rieur \u00e9l\u00e9gant.<br \/>\n\u2714 Lavable au lave-vaisselle.<\/p>","protected":false},"excerpt":{"rendered":"<p>Set de table antid\u00e9rapant en silicone pour chats : \u00e9l\u00e9gant, anti-\u00e9claboussures et id\u00e9al pour les d\u00e9placements. Facile \u00e0 nettoyer et parfait pour la stabilit\u00e9 des gamelles !<\/p>","protected":false},"featured_media":32992,"template":"","meta":[],"product_brand":[],"product_cat":[42,104,133],"product_tag":[],"class_list":{"0":"post-32968","1":"product","2":"type-product","3":"status-publish","4":"has-post-thumbnail","6":"product_cat-all","7":"product_cat-cats","8":"product_cat-eat-cats","10":"first","11":"instock","12":"shipping-taxable","13":"purchasable","14":"product-type-variable"},"_links":{"self":[{"href":"https:\/\/koussikou.ch\/fr\/wp-json\/wp\/v2\/product\/32968","targetHints":{"allow":["GET"]}}],"collection":[{"href":"https:\/\/koussikou.ch\/fr\/wp-json\/wp\/v2\/product"}],"about":[{"href":"https:\/\/koussikou.ch\/fr\/wp-json\/wp\/v2\/types\/product"}],"version-history":[{"count":2,"href":"https:\/\/koussikou.ch\/fr\/wp-json\/wp\/v2\/product\/32968\/revisions"}],"predecessor-version":[{"id":33001,"href":"https:\/\/koussikou.ch\/fr\/wp-json\/wp\/v2\/product\/32968\/revisions\/33001"}],"wp:featuredmedia":[{"embeddable":true,"href":"https:\/\/koussikou.ch\/fr\/wp-json\/wp\/v2\/media\/32992"}],"wp:attachment":[{"href":"https:\/\/koussikou.ch\/fr\/wp-json\/wp\/v2\/media?parent=32968"}],"wp:term":[{"taxonomy":"product_brand","embeddable":true,"href":"https:\/\/koussikou.ch\/fr\/wp-json\/wp\/v2\/product_brand?post=32968"},{"taxonomy":"product_cat","embeddable":true,"href":"https:\/\/koussikou.ch\/fr\/wp-json\/wp\/v2\/product_cat?post=32968"},{"taxonomy":"product_tag","embeddable":true,"href":"https:\/\/koussikou.ch\/fr\/wp-json\/wp\/v2\/product_tag?post=32968"}],"curies":[{"name":"wp","href":"https:\/\/api.w.org\/{rel}","templated":true}]}}