{"id":33045,"date":"2025-07-23T11:38:48","date_gmt":"2025-07-23T09:38:48","guid":{"rendered":"https:\/\/koussikou.ch\/?post_type=product&#038;p=33045"},"modified":"2025-07-23T12:03:11","modified_gmt":"2025-07-23T10:03:11","slug":"all-for-paws-little-buddy-puppyfier","status":"publish","type":"product","link":"https:\/\/koussikou.ch\/fr\/produit\/all-for-paws-little-buddy-puppyfier\/","title":{"rendered":"All for Paws &#8211; Little Buddy\u200b-\u200bPuppyfier"},"content":{"rendered":"<blockquote><p><strong><span style=\"color: #73b735;\">Sucette pour Chiot<\/span><\/strong><\/p><\/blockquote>\n<p>Soulagez votre chiot en p\u00e9riode de dentition avec la sucette Little Buddy Puppyfier ! Con\u00e7ue avec des picots et des rainures douces, elle masse les gencives sensibles et apaise l\u2019inconfort. Son couineur int\u00e9gr\u00e9 stimule votre chiot et favorise une mastication saine, aidant \u00e0 d\u00e9tourner son attention des meubles ou chaussures<\/p>\n<blockquote><p><strong><span style=\"color: #73b735;\">Caract\u00e9ristiques principales<\/span><\/strong><\/p><\/blockquote>\n<p>Doux pour les gencives gr\u00e2ce \u00e0 sa surface textur\u00e9e<\/p>\n<p>Couineur int\u00e9gr\u00e9 pour plus de plaisir<\/p>\n<p>Aide \u00e0 d\u00e9tourner le comportement de mastication<\/p>\n<p>Taille L \u2013 parfait pour les chiots de grande taille<\/p>","protected":false},"excerpt":{"rendered":"<p>All For Paws, jouet de dentition pour chiots avec surface textur\u00e9e et couineur. Apaise les gencives et favorise une mastication saine<\/p>","protected":false},"featured_media":33047,"template":"","meta":[],"product_brand":[],"product_cat":[42,138,95,53],"product_tag":[],"class_list":{"0":"post-33045","1":"product","2":"type-product","3":"status-publish","4":"has-post-thumbnail","6":"product_cat-all","7":"product_cat-care-dogs","8":"product_cat-dogs","9":"product_cat-toys-dogs","11":"first","12":"instock","13":"shipping-taxable","14":"purchasable","15":"product-type-simple"},"_links":{"self":[{"href":"https:\/\/koussikou.ch\/fr\/wp-json\/wp\/v2\/product\/33045","targetHints":{"allow":["GET"]}}],"collection":[{"href":"https:\/\/koussikou.ch\/fr\/wp-json\/wp\/v2\/product"}],"about":[{"href":"https:\/\/koussikou.ch\/fr\/wp-json\/wp\/v2\/types\/product"}],"version-history":[{"count":3,"href":"https:\/\/koussikou.ch\/fr\/wp-json\/wp\/v2\/product\/33045\/revisions"}],"predecessor-version":[{"id":33053,"href":"https:\/\/koussikou.ch\/fr\/wp-json\/wp\/v2\/product\/33045\/revisions\/33053"}],"wp:featuredmedia":[{"embeddable":true,"href":"https:\/\/koussikou.ch\/fr\/wp-json\/wp\/v2\/media\/33047"}],"wp:attachment":[{"href":"https:\/\/koussikou.ch\/fr\/wp-json\/wp\/v2\/media?parent=33045"}],"wp:term":[{"taxonomy":"product_brand","embeddable":true,"href":"https:\/\/koussikou.ch\/fr\/wp-json\/wp\/v2\/product_brand?post=33045"},{"taxonomy":"product_cat","embeddable":true,"href":"https:\/\/koussikou.ch\/fr\/wp-json\/wp\/v2\/product_cat?post=33045"},{"taxonomy":"product_tag","embeddable":true,"href":"https:\/\/koussikou.ch\/fr\/wp-json\/wp\/v2\/product_tag?post=33045"}],"curies":[{"name":"wp","href":"https:\/\/api.w.org\/{rel}","templated":true}]}}