{"id":2,"date":"2024-05-25T10:40:13","date_gmt":"2024-05-25T10:40:13","guid":{"rendered":"https:\/\/koussikou.ch\/?page_id=2"},"modified":"2024-06-14T18:30:09","modified_gmt":"2024-06-14T16:30:09","slug":"termini-e-condizioni-duso","status":"publish","type":"page","link":"https:\/\/koussikou.ch\/it\/termini-e-condizioni-duso\/","title":{"rendered":"Termini e condizioni d'uso"},"content":{"rendered":"<div data-elementor-type=\"wp-page\" data-elementor-id=\"2\" class=\"elementor elementor-2\">\n\t\t\t\t<div class=\"wd-negative-gap elementor-element elementor-element-4fcbd734 e-flex e-con-boxed e-con e-parent\" data-id=\"4fcbd734\" data-element_type=\"container\" data-e-type=\"container\">\n\t\t\t\t\t<div class=\"e-con-inner\">\n\t\t\t\t<div class=\"elementor-element elementor-element-115f5a18 color-scheme-inherit text-left elementor-widget elementor-widget-text-editor\" data-id=\"115f5a18\" data-element_type=\"widget\" data-e-type=\"widget\" data-widget_type=\"text-editor.default\">\n\t\t\t\t<div class=\"elementor-widget-container\">\n\t\t\t\t\t\t\t\t\t\n<h2 style=\"text-align: center;\"><span style=\"color: #83b735;\">Termini e condizioni d'uso<\/span><\/h2>\n<blockquote>\n<h4><span style=\"color: #83b735;\">Generale<\/span><\/h4>\n<\/blockquote>\n<p>Benvenuti su Koussikou.ch, la vostra destinazione principale per prodotti di qualit\u00e0 e servizi eccezionali. I presenti Termini e condizioni generali (di seguito denominati \"Termini\") rappresentano un accordo giuridicamente vincolante tra Koussikou.ch (denominato \"<a href=\"https:\/\/koussikou.ch\/it\/\" target=\"_new\" rel=\"noreferrer\">www.Koussikou.ch<\/a>(noi, \"noi\" o \"nostro\") e voi, i nostri stimati clienti.<\/p>\n<p>Accedendo o utilizzando il nostro sito web, l'utente si impegna a rispettare e ad essere vincolato dalle presenti Condizioni. Vi invitiamo a leggerle attentamente prima di effettuare qualsiasi acquisto. In caso di disaccordo con qualsiasi aspetto delle presenti Condizioni, vi chiediamo gentilmente di astenervi dall'accesso al sito web o dall'utilizzo dei nostri servizi.<\/p>\n<blockquote>\n<h4><span style=\"color: #83b735;\">Conclusione del contratto<\/span><\/h4>\n<\/blockquote>\n<p>Effettuando un ordine sulla piattaforma www.Koussikou.ch, il cliente presenta un'offerta per concludere un contratto di vendita con Koussikou.ch. L'ordine \u00e8 quindi fermo. Il cliente riceve una conferma di ricezione dell'ordine (conferma d'ordine). Tale conferma non costituisce accettazione dell'offerta del cliente, ma ha il solo scopo di informare il cliente che il suo ordine \u00e8 stato ricevuto.<\/p>\n<p>Il contratto di acquisto \u00e8 concluso solo quando Koussikou.ch conferma la spedizione all'indirizzo indicato dal cliente con una seconda e-mail (conferma di spedizione).<\/p>\n<p>Koussikou.ch adempie al contratto di acquisto consegnando il prodotto ordinato alla Posta.<\/p>\n<blockquote>\n<h4><span style=\"color: #83b735;\">Soggetto a disponibilit\u00e0<\/span><\/h4>\n<\/blockquote>\n<p>Ci impegniamo a mantenere aggiornati i nostri elenchi di prodotti, ma la disponibilit\u00e0 pu\u00f2 variare. Se un prodotto ordinato non \u00e8 disponibile, vi informeremo tempestivamente via e-mail e discuteremo le possibili alternative o le opzioni di rimborso.<\/p>\n<blockquote>\n<h4><span style=\"color: #83b735;\">Politica di restituzione volontaria<\/span><\/h4>\n<\/blockquote>\n<p>La vostra soddisfazione \u00e8 la nostra priorit\u00e0. Se, per qualsiasi motivo, non siete soddisfatti del vostro acquisto, potete restituire il prodotto entro tre giorni lavorativi dal ricevimento. Il prodotto restituito deve essere completo, non usato, non danneggiato e nella sua confezione originale. <br \/><br \/>Il rimborso del prezzo d'acquisto avverr\u00e0 al ricevimento del prodotto restituito e dei dati bancari o postali necessari.<\/p>\n<blockquote>\n<h4><span style=\"color: #83b735;\">Condizioni di pagamento<\/span><\/h4>\n<\/blockquote>\n<p>I prezzi sono espressi in franchi svizzeri e comprendono le spese di spedizione. Tutti i prezzi sono comprensivi di IVA 0%. Ci riserviamo il diritto di modificare i prezzi. Si applicano i prezzi attuali consultabili online al momento dell'ordine. Con riserva di errori tipografici e di prezzi.<\/p>\n<p>I clienti possono effettuare i pagamenti attraverso i seguenti metodi:<\/p>\n<ul>\n<li style=\"list-style-type: none;\">\n<ul>\n<li><strong>Mastercard<\/strong><\/li>\n<li><strong>Visto<\/strong><\/li>\n<li><strong>PayPal<\/strong><\/li>\n<li><strong>Klarna<\/strong><\/li>\n<li><strong>Twint<\/strong><\/li>\n<li><strong>PostFinanza<\/strong><\/li>\n<\/ul>\n<\/li>\n<\/ul>\n<p>Koussikou.ch si riserva il diritto di verificare i dati dei clienti attraverso societ\u00e0 terze.<\/p>\n<blockquote>\n<h4><span style=\"color: #83b735;\">Costi di spedizione<\/span><\/h4>\n<\/blockquote>\n<p>Tutti gli ordini a partire da CHF 100.- vengono consegnati gratuitamente. Se l'importo dell'ordine non supera i CHF 100.-, vi addebiteremo CHF 10.50.- per le spese di spedizione.<\/p>\n<blockquote>\n<h4><span style=\"color: #83b735;\">Consegna<\/span><\/h4>\n<\/blockquote>\n<p>La merce viene consegnata dalla Posta Svizzera all'indirizzo di consegna indicato dal cliente. L'area di consegna \u00e8 limitata al territorio della Confederazione Svizzera (compreso il Liechtenstein).<\/p>\n<p>Koussikou.ch ricorda che tutte le informazioni sui tempi di consegna di un prodotto sono solo informazioni previste e valori indicativi approssimativi. Non costituiscono tempi di consegna vincolanti o garantiti. Se i tempi di consegna dovessero cambiare a causa della disponibilit\u00e0, il cliente sar\u00e0 informato da Koussikou.ch.<\/p>\n<p>Koussikou.ch ha il diritto di effettuare consegne parziali in qualsiasi momento, purch\u00e9 siano ragionevoli per il cliente.<\/p>\n<p>I danni da trasporto (visibili e nascosti) e le consegne errate devono essere segnalati entro cinque giorni dal ricevimento della spedizione. In questo caso, il prodotto non deve essere utilizzato.<\/p>\n<blockquote>\n<h4><span style=\"color: #83b735;\">Mantenimento del titolo<\/span><\/h4>\n<\/blockquote>\n<p>La merce rimane di propriet\u00e0 di Koussikou.ch fino al completo pagamento del prezzo di acquisto. Il cliente concede a Koussikou.ch il diritto di registrare una riserva di propriet\u00e0 nel registro delle riserve di propriet\u00e0.<\/p>\n<blockquote>\n<h4><span style=\"color: #83b735;\">Garanzia<\/span><\/h4>\n<\/blockquote>\n<p>Koussikou.ch vende esclusivamente prodotti originali e nuovi di produttori leader noti per la loro qualit\u00e0. Poich\u00e9 Koussikou.ch non produce direttamente questi prodotti, non ne influenza la funzionalit\u00e0. Pertanto, Koussikou.ch esclude qualsiasi garanzia per questi prodotti, a meno che non sia esplicitamente prevista dal produttore.<\/p>\n<p>Tuttavia, Koussikou.ch autorizza i propri clienti a esercitare direttamente i diritti di garanzia presso il produttore, come specificato nella politica di garanzia del produttore stesso.<\/p>\n<blockquote>\n<h4><span style=\"color: #83b735;\">Dichiarazione di non responsabilit\u00e0<\/span><\/h4>\n<\/blockquote>\n<p>Koussikou.ch si impegna per l'assistenza al cliente<\/p>\n<p>La fornitura di servizi in conformit\u00e0 ai presenti T&amp;C e alle altre disposizioni contrattuali.<\/p>\n<p>Le richieste di risarcimento danni per impossibilit\u00e0 di esecuzione, violazione del contratto, negligenza e illecito sono totalmente escluse nei confronti di Koussikou.ch, a condizione che non vi sia dolo o colpa grave, e nei confronti degli agenti esecutori di Koussikou.ch. \u00c8 esclusa la responsabilit\u00e0 per danni indiretti e danni conseguenti derivanti dall'uso, dalla cattiva lavorazione o dalla perdita di prestazioni. La responsabilit\u00e0 di Koussikou.ch per colpa propria e dei suoi dipendenti e rappresentanti legali \u00e8 limitata al dolo.<\/p>\n<p>Koussikou.ch non \u00e8 responsabile dei danni da trasporto. Questi devono essere richiesti direttamente al corriere (Posta).<\/p>\n<blockquote>\n<h4><span style=\"color: #83b735;\">Indirizzo<\/span><\/h4>\n<\/blockquote>\n<p>SERRAS DESIGN<br \/>13, Route de la Combetta<br \/>1782 Belfaux<\/p>\n<blockquote>\n<h4><span style=\"color: #83b735;\">Disposizioni finali<\/span><\/h4>\n<\/blockquote>\n<p>Si applica il diritto svizzero.<\/p>\n<p>Se il cliente \u00e8 un commerciante, Dietikon \u00e8 il foro esclusivo per tutti i reclami relativi al rapporto commerciale.<\/p>\n<p>Se il cliente \u00e8 un consumatore, il foro competente \u00e8 determinato ai sensi dell'articolo 22 della legge sul foro competente.<\/p>\n<p>I presenti termini e condizioni possono essere modificati in qualsiasi momento. La versione attuale \u00e8 consultabile sul sito www.Koussikou.ch e si intende accettata dal cliente a partire dalla data di pubblicazione.<\/p>\n<p><span style=\"color: #83b735;\"><em><strong>Koussikou.ch, 2024<\/strong><\/em><\/span><\/p>\n\t\t\t\t\t\t\t\t<\/div>\n\t\t\t\t<\/div>\n\t\t\t\t\t<\/div>\n\t\t\t\t<\/div>\n\t\t\t\t<\/div>","protected":false},"excerpt":{"rendered":"<p>Benvenuti su Koussikou.ch, la vostra prima destinazione per prodotti di qualit\u00e0 e servizi eccezionali.<\/p>","protected":false},"author":8,"featured_media":0,"parent":0,"menu_order":0,"comment_status":"closed","ping_status":"closed","template":"elementor_header_footer","meta":{"footnotes":""},"class_list":["post-2","page","type-page","status-publish","hentry"],"_links":{"self":[{"href":"https:\/\/koussikou.ch\/it\/wp-json\/wp\/v2\/pages\/2","targetHints":{"allow":["GET"]}}],"collection":[{"href":"https:\/\/koussikou.ch\/it\/wp-json\/wp\/v2\/pages"}],"about":[{"href":"https:\/\/koussikou.ch\/it\/wp-json\/wp\/v2\/types\/page"}],"author":[{"embeddable":true,"href":"https:\/\/koussikou.ch\/it\/wp-json\/wp\/v2\/users\/8"}],"replies":[{"embeddable":true,"href":"https:\/\/koussikou.ch\/it\/wp-json\/wp\/v2\/comments?post=2"}],"version-history":[{"count":0,"href":"https:\/\/koussikou.ch\/it\/wp-json\/wp\/v2\/pages\/2\/revisions"}],"wp:attachment":[{"href":"https:\/\/koussikou.ch\/it\/wp-json\/wp\/v2\/media?parent=2"}],"curies":[{"name":"wp","href":"https:\/\/api.w.org\/{rel}","templated":true}]}}