{"id":3,"date":"2024-05-25T10:40:13","date_gmt":"2024-05-25T10:40:13","guid":{"rendered":"https:\/\/koussikou.ch\/?page_id=3"},"modified":"2024-06-14T18:28:52","modified_gmt":"2024-06-14T16:28:52","slug":"informativa-sulla-privacy","status":"publish","type":"page","link":"https:\/\/koussikou.ch\/it\/informativa-sulla-privacy\/","title":{"rendered":"Informativa sulla privacy"},"content":{"rendered":"<div data-elementor-type=\"wp-page\" data-elementor-id=\"3\" class=\"elementor elementor-3\">\n\t\t\t\t<div class=\"wd-negative-gap elementor-element elementor-element-3d6c6136 e-flex e-con-boxed e-con e-parent\" data-id=\"3d6c6136\" data-element_type=\"container\" data-e-type=\"container\">\n\t\t\t\t\t<div class=\"e-con-inner\">\n\t\t\t\t<div class=\"elementor-element elementor-element-63cb82fd color-scheme-inherit text-left elementor-widget elementor-widget-text-editor\" data-id=\"63cb82fd\" data-element_type=\"widget\" data-e-type=\"widget\" data-widget_type=\"text-editor.default\">\n\t\t\t\t<div class=\"elementor-widget-container\">\n\t\t\t\t\t\t\t\t\t<header class=\"page-header\">\n<h1 class=\"wp-block-heading\" style=\"text-align: center;\"><span style=\"color: #83b735;\">Protezione dei dati<\/span><\/h1>\n<\/header>\n<section id=\"content\" class=\"page-content page-cms page-cms-2\">\n<blockquote>\n<h3>La privacy in sintesi<\/h3>\n<\/blockquote>\n<h4>Informazioni generali<\/h4>\n<p>Le seguenti note forniscono una semplice panoramica di ci\u00f2 che accade ai vostri dati personali quando visitate il nostro sito web. Per dati personali si intendono tutti i dati con i quali \u00e8 possibile identificarvi personalmente. Informazioni dettagliate sul tema della protezione dei dati sono disponibili nella nostra dichiarazione sulla protezione dei dati riportata sotto questo testo.<\/p>\n<blockquote>\n<h4>Raccolta di dati sul nostro sito web<\/h4>\n<\/blockquote>\n<h4>Chi \u00e8 responsabile della raccolta dei dati su questo sito?<\/h4>\n<p>Il trattamento dei dati su questo sito web viene effettuato dal gestore del sito. I suoi dati di contatto sono riportati nell'imprinting di questo sito web.<\/p>\n<h4>Come raccogliamo i vostri dati?<\/h4>\n<p>Da un lato, i vostri dati vengono raccolti quando ce li comunicate. Pu\u00f2 trattarsi, ad esempio, dei dati inseriti in un modulo di contatto.<\/p>\n<p>Altri dati vengono registrati automaticamente dai nostri sistemi informatici quando visitate il sito web. Si tratta principalmente di dati tecnici (ad es. browser Internet, sistema operativo o ora di visualizzazione della pagina). Questi dati vengono raccolti automaticamente non appena si accede al nostro sito web.<\/p>\n<h4>Per cosa utilizziamo i vostri dati?<\/h4>\n<p>Una parte dei dati viene raccolta per garantire che il sito web sia fornito senza errori. Altri dati possono essere utilizzati per analizzare il comportamento degli utenti.<\/p>\n<h4>Quali diritti avete sui vostri dati?<\/h4>\n<p>Avete il diritto di ricevere gratuitamente in qualsiasi momento informazioni sull'origine, il destinatario e lo scopo dei vostri dati personali memorizzati. Ha inoltre il diritto di richiedere la correzione, il blocco o la cancellazione di tali dati. Per ulteriori domande sul tema della protezione dei dati, potete contattarci in qualsiasi momento all'indirizzo indicato nell'imprinting. Avete inoltre il diritto di presentare un reclamo all'autorit\u00e0 di controllo competente.<\/p>\n<h4>Strumenti di analisi e strumenti di terze parti<\/h4>\n<p>Quando visitate il nostro sito web, il vostro comportamento di navigazione pu\u00f2 essere valutato statisticamente. Ci\u00f2 avviene principalmente tramite i cookie e i cosiddetti programmi di analisi. L'analisi del vostro comportamento di navigazione \u00e8 solitamente anonima; il comportamento di navigazione non pu\u00f2 essere ricondotto a voi. Potete opporvi a questa analisi o impedirla non utilizzando determinati strumenti. Troverete informazioni dettagliate al riguardo nella seguente dichiarazione sulla protezione dei dati.<\/p>\n<p>Potete opporvi a questa analisi. Vi informeremo sulle possibilit\u00e0 di opposizione nella presente dichiarazione sulla protezione dei dati.<\/p>\n<blockquote>\n<h3>Informazioni generali e informazioni obbligatorie<\/h3>\n<\/blockquote>\n<p>I gestori di queste pagine prendono molto sul serio la protezione dei vostri dati personali. Trattiamo i vostri dati personali in modo confidenziale e in conformit\u00e0 alle disposizioni di legge sulla protezione dei dati e alla presente dichiarazione sulla protezione dei dati.<\/p>\n<p>Se utilizzate questo sito web, verranno raccolti diversi dati personali. I dati personali sono dati con i quali \u00e8 possibile identificarvi personalmente. La presente dichiarazione sulla protezione dei dati spiega quali dati raccogliamo e per cosa li utilizziamo. Spiega inoltre come e per quale scopo ci\u00f2 avviene.<\/p>\n<p>Desideriamo sottolineare che la trasmissione di dati su Internet (ad esempio, quando si comunica via e-mail) pu\u00f2 presentare lacune nella sicurezza. Non \u00e8 possibile garantire una protezione completa dei dati dall'accesso di terzi.<\/p>\n<p>Nota sull'organismo responsabile<br \/>Il responsabile del trattamento dei dati su questo sito web \u00e8:<\/p>\n<blockquote>\n<p>SERRAS DESIGN<br \/>13, Route de la Combetta<br \/>1782 Belfaux<br \/><span \n                data-original-string='Fkdl6cAbK2Bgr6WZViWFSg==417f4pS+r6N8DYkwG\/4dyYQjHmqbFWftQm60VcUiMagUuw='\n                class='apbct-email-encoder'\n                title='This contact has been encoded by Anti-Spam by CleanTalk. Click to decode. To finish the decoding make sure that JavaScript is enabled in your browser.'>co<span class=\"apbct-blur\">*****<\/span>@<span class=\"apbct-blur\">*******<\/span>ou.ch<\/span><\/p>\n<\/blockquote>\n<p>Il responsabile \u00e8 la persona fisica o giuridica che, da sola o insieme ad altri, decide le finalit\u00e0 e i mezzi del trattamento dei dati personali (ad esempio, nomi, indirizzi e-mail, ecc.).<\/p>\n<h4>Revoca del consenso al trattamento dei dati<\/h4>\n<p>Molte operazioni di trattamento dei dati sono possibili solo con il vostro consenso esplicito. Potete revocare in qualsiasi momento il consenso che avete gi\u00e0 dato. \u00c8 sufficiente un messaggio informale via e-mail. La legalit\u00e0 del trattamento dei dati che ha avuto luogo fino alla revoca rimane inalterata.<\/p>\n<h4>Diritto di ricorso all'autorit\u00e0 di vigilanza competente<\/h4>\n<p>In caso di violazione della legge sulla protezione dei dati, l'interessato ha il diritto di presentare un reclamo all'autorit\u00e0 di controllo competente. L'autorit\u00e0 di controllo competente per le questioni relative alla protezione dei dati \u00e8 il responsabile della protezione dei dati dello Stato federale in cui ha sede la nostra azienda. L'elenco dei responsabili della protezione dei dati e i loro dettagli di contatto sono disponibili al seguente link:\u00a0<a href=\"https:\/\/www.bfdi.bund.de\/DE\/Infothek\/Anschriften_Links\/anschriften_links-node.html.\">https:\/\/www.bfdi.bund.de\/DE\/Infothek\/Anschriften_Links\/anschriften_links-node.html.<\/a><\/p>\n<h4>Diritto alla portabilit\u00e0 dei dati<\/h4>\n<p>Avete il diritto di ottenere che i dati che elaboriamo automaticamente sulla base del vostro consenso o in adempimento di un contratto vengano consegnati a voi o a terzi in un formato comune e leggibile a macchina. Se desiderate il trasferimento diretto dei dati<\/p>\n<\/section>\t\t\t\t\t\t\t\t<\/div>\n\t\t\t\t<\/div>\n\t\t\t\t\t<\/div>\n\t\t\t\t<\/div>\n\t\t\t\t<\/div>","protected":false},"excerpt":{"rendered":"<p>Scoprite come proteggiamo i vostri dati personali e garantiamo la vostra privacy quando visitate il nostro sito web.<\/p>","protected":false},"author":8,"featured_media":0,"parent":0,"menu_order":0,"comment_status":"closed","ping_status":"open","template":"","meta":{"footnotes":""},"class_list":["post-3","page","type-page","status-publish","hentry"],"_links":{"self":[{"href":"https:\/\/koussikou.ch\/it\/wp-json\/wp\/v2\/pages\/3","targetHints":{"allow":["GET"]}}],"collection":[{"href":"https:\/\/koussikou.ch\/it\/wp-json\/wp\/v2\/pages"}],"about":[{"href":"https:\/\/koussikou.ch\/it\/wp-json\/wp\/v2\/types\/page"}],"author":[{"embeddable":true,"href":"https:\/\/koussikou.ch\/it\/wp-json\/wp\/v2\/users\/8"}],"replies":[{"embeddable":true,"href":"https:\/\/koussikou.ch\/it\/wp-json\/wp\/v2\/comments?post=3"}],"version-history":[{"count":0,"href":"https:\/\/koussikou.ch\/it\/wp-json\/wp\/v2\/pages\/3\/revisions"}],"wp:attachment":[{"href":"https:\/\/koussikou.ch\/it\/wp-json\/wp\/v2\/media?parent=3"}],"curies":[{"name":"wp","href":"https:\/\/api.w.org\/{rel}","templated":true}]}}