{"id":27471,"date":"2022-12-05T13:03:27","date_gmt":"2022-12-05T11:03:27","guid":{"rendered":"https:\/\/koussikou.ch\/?post_type=product&#038;p=27471"},"modified":"2024-06-22T20:54:45","modified_gmt":"2024-06-22T18:54:45","slug":"pushball","status":"publish","type":"product","link":"https:\/\/koussikou.ch\/it\/prodotto\/pushball\/","title":{"rendered":"CatPlayFurniture \u2013 Pushball"},"content":{"rendered":"<div data-elementor-type=\"wp-post\" data-elementor-id=\"27471\" class=\"elementor elementor-27471\">\n\t\t\t\t<div class=\"wd-negative-gap elementor-element elementor-element-5197d19 e-flex e-con-boxed e-con e-parent\" data-id=\"5197d19\" data-element_type=\"container\" data-e-type=\"container\">\n\t\t\t\t\t<div class=\"e-con-inner\">\n\t\t\t\t<div class=\"elementor-element elementor-element-6392134 elementor-widget elementor-widget-wd_text_block\" data-id=\"6392134\" data-element_type=\"widget\" data-e-type=\"widget\" data-widget_type=\"wd_text_block.default\">\n\t\t\t\t<div class=\"elementor-widget-container\">\n\t\t\t\t\t\t\t<div class=\"wd-text-block reset-last-child text-left\">\n\t\t\t\n\t\t\t<p style=\"text-align: left;\">Il <span style=\"color: #83b735;\"><strong>CatPlayFurniture Pushball<\/strong><\/span> \u00e8 un giocattolo per gatti innovativo che offre al vostro amico felino un divertimento e un esercizio senza fine. Questa palla interattiva \u00e8 caratterizzata da movimenti imprevedibili che stimolano sia l'attivit\u00e0 fisica che l'impegno mentale, mantenendo il gatto attivo e divertito per ore.<\/p><p style=\"text-align: left;\">Il Pushball \u00e8 progettato per rotolare e muoversi in modo inaspettato, incoraggiando il gatto a rincorrerlo, zampettarlo e colpirlo. Questa interazione dinamica aiuta a soddisfare il naturale istinto di caccia del gatto, promuovendo l'attivit\u00e0 fisica e prevenendo la noia.<\/p><p style=\"text-align: left;\">Realizzato con materiali di alta qualit\u00e0, il CatPlayFurniture Pushball \u00e8 costruito per resistere ai giochi anche dei gatti pi\u00f9 energici. La sua struttura robusta garantisce una lunga durata e il divertimento del vostro animale domestico.<\/p><p style=\"text-align: left;\">Inserendo il Pushball nella routine di gioco del vostro gatto, potrete aiutarlo a mantenersi fisicamente in forma, mentalmente stimolato e meno propenso a mettere in atto comportamenti distruttivi dovuti alla noia o alla mancanza di esercizio. \u00c8 un'aggiunta eccellente alla collezione di giocattoli interattivi di qualsiasi proprietario di gatti.<\/p><p>Un'ottima idea regalo anche per i proprietari di gatti<\/p>\n\t\t\t\t\t<\/div>\n\t\t\t\t\t\t<\/div>\n\t\t\t\t<\/div>\n\t\t\t\t\t<\/div>\n\t\t\t\t<\/div>\n\t\t\t\t<\/div>","protected":false},"excerpt":{"rendered":"<p>Il CatPlayFurniture Pushball \u00e8 un giocattolo dinamico progettato per mantenere il gatto attivo e divertito con movimenti imprevedibili che stimolano l'esercizio fisico e l'impegno mentale.<\/p>","protected":false},"featured_media":27482,"template":"","meta":[],"product_brand":[],"product_cat":[42,104,32,105],"product_tag":[329,335,327,333,331,330,328,332,326,334],"class_list":{"0":"post-27471","1":"product","2":"type-product","3":"status-publish","4":"has-post-thumbnail","6":"product_cat-all","7":"product_cat-cats","8":"product_cat-furniture","9":"product_cat-toys-cats","10":"product_tag-cat-exercise","11":"product_tag-cat-fitness","12":"product_tag-cat-toy","13":"product_tag-catplayfurniture","14":"product_tag-durable-cat-toy","15":"product_tag-feline-entertainment","16":"product_tag-interactive-cat-toy","17":"product_tag-mental-stimulation-for-cats","18":"product_tag-pet-accessories","19":"product_tag-pushball","21":"first","22":"instock","23":"shipping-taxable","24":"purchasable","25":"product-type-variable"},"_links":{"self":[{"href":"https:\/\/koussikou.ch\/it\/wp-json\/wp\/v2\/product\/27471","targetHints":{"allow":["GET"]}}],"collection":[{"href":"https:\/\/koussikou.ch\/it\/wp-json\/wp\/v2\/product"}],"about":[{"href":"https:\/\/koussikou.ch\/it\/wp-json\/wp\/v2\/types\/product"}],"version-history":[{"count":0,"href":"https:\/\/koussikou.ch\/it\/wp-json\/wp\/v2\/product\/27471\/revisions"}],"wp:featuredmedia":[{"embeddable":true,"href":"https:\/\/koussikou.ch\/it\/wp-json\/wp\/v2\/media\/27482"}],"wp:attachment":[{"href":"https:\/\/koussikou.ch\/it\/wp-json\/wp\/v2\/media?parent=27471"}],"wp:term":[{"taxonomy":"product_brand","embeddable":true,"href":"https:\/\/koussikou.ch\/it\/wp-json\/wp\/v2\/product_brand?post=27471"},{"taxonomy":"product_cat","embeddable":true,"href":"https:\/\/koussikou.ch\/it\/wp-json\/wp\/v2\/product_cat?post=27471"},{"taxonomy":"product_tag","embeddable":true,"href":"https:\/\/koussikou.ch\/it\/wp-json\/wp\/v2\/product_tag?post=27471"}],"curies":[{"name":"wp","href":"https:\/\/api.w.org\/{rel}","templated":true}]}}