{"id":27598,"date":"2021-04-20T12:50:27","date_gmt":"2021-04-20T10:50:27","guid":{"rendered":"https:\/\/koussikou.ch\/?post_type=product&#038;p=27598"},"modified":"2024-06-29T10:16:54","modified_gmt":"2024-06-29T08:16:54","slug":"albero-tiragraffi","status":"publish","type":"product","link":"https:\/\/koussikou.ch\/it\/prodotto\/albero-tiragraffi\/","title":{"rendered":"Freezack &#8211; Scratching Tree"},"content":{"rendered":"<div data-elementor-type=\"wp-post\" data-elementor-id=\"27598\" class=\"elementor elementor-27598\">\n\t\t\t\t<div class=\"wd-negative-gap elementor-element elementor-element-4c42ad6 e-flex e-con-boxed e-con e-parent\" data-id=\"4c42ad6\" data-element_type=\"container\" data-e-type=\"container\">\n\t\t\t\t\t<div class=\"e-con-inner\">\n\t\t\t\t<div class=\"elementor-element elementor-element-cd0d2de elementor-widget elementor-widget-wd_text_block\" data-id=\"cd0d2de\" data-element_type=\"widget\" data-e-type=\"widget\" data-widget_type=\"wd_text_block.default\">\n\t\t\t\t<div class=\"elementor-widget-container\">\n\t\t\t\t\t\t\t<div class=\"wd-text-block reset-last-child text-left\">\n\t\t\t\n\t\t\t<p style=\"text-align: left;\">Eleva i momenti di gioco e di relax del tuo gatto con questo albero per gatti elegante e funzionale.<\/p><blockquote><h5 style=\"text-align: left;\">Caratteristiche:<\/h5><\/blockquote><p style=\"text-align: left;\">Base e riparo: La robusta base rotonda \u00e8 rivestita in un morbido tessuto scuro per garantire stabilit\u00e0 e comfort. Il rifugio conico \u00e8 realizzato in vimini intrecciato e presenta un'entrata circolare che offre al gatto un nascondiglio accogliente e sicuro per riposare o sonnecchiare.<\/p><p style=\"text-align: left;\">Piattaforma superiore: Il palo verticale, rivestito in materiale resistente e scuro, sostiene una piattaforma circolare in vimini nella parte superiore. La piattaforma \u00e8 dotata di un interno morbido e imbottito, che offre al gatto un posatoio rialzato per riposare e osservare l'ambiente circostante.<\/p><blockquote><h5 style=\"text-align: left;\">Vantaggi:<\/h5><\/blockquote><p style=\"text-align: left;\">Design elegante: L'elegante design in vimini si adatta a qualsiasi arredamento.<\/p><p style=\"text-align: left;\">Multifunzionale: Fornisce sia un nascondiglio che un posatoio rialzato, assecondando gli istinti naturali del gatto.<\/p><p style=\"text-align: left;\">Costruzione durevole: Realizzata con materiali di alta qualit\u00e0 per garantire un uso duraturo.<\/p>\n\t\t\t\t\t<\/div>\n\t\t\t\t\t\t<\/div>\n\t\t\t\t<\/div>\n\t\t\t\t\t<\/div>\n\t\t\t\t<\/div>\n\t\t\t\t<\/div>","protected":false},"excerpt":{"rendered":"<p>Elevate il tempo di gioco del vostro gatto con questo elegante e funzionale albero per gatti in vimini, dotato di un accogliente nascondiglio e di un posatoio rialzato per il massimo relax.<\/p>","protected":false},"featured_media":27602,"template":"","meta":[],"product_brand":[],"product_cat":[42,104,129],"product_tag":[],"class_list":{"0":"post-27598","1":"product","2":"type-product","3":"status-publish","4":"has-post-thumbnail","6":"product_cat-all","7":"product_cat-cats","8":"product_cat-sleep-relax-cats","10":"first","11":"instock","12":"shipping-taxable","13":"purchasable","14":"product-type-simple"},"_links":{"self":[{"href":"https:\/\/koussikou.ch\/it\/wp-json\/wp\/v2\/product\/27598","targetHints":{"allow":["GET"]}}],"collection":[{"href":"https:\/\/koussikou.ch\/it\/wp-json\/wp\/v2\/product"}],"about":[{"href":"https:\/\/koussikou.ch\/it\/wp-json\/wp\/v2\/types\/product"}],"version-history":[{"count":0,"href":"https:\/\/koussikou.ch\/it\/wp-json\/wp\/v2\/product\/27598\/revisions"}],"wp:featuredmedia":[{"embeddable":true,"href":"https:\/\/koussikou.ch\/it\/wp-json\/wp\/v2\/media\/27602"}],"wp:attachment":[{"href":"https:\/\/koussikou.ch\/it\/wp-json\/wp\/v2\/media?parent=27598"}],"wp:term":[{"taxonomy":"product_brand","embeddable":true,"href":"https:\/\/koussikou.ch\/it\/wp-json\/wp\/v2\/product_brand?post=27598"},{"taxonomy":"product_cat","embeddable":true,"href":"https:\/\/koussikou.ch\/it\/wp-json\/wp\/v2\/product_cat?post=27598"},{"taxonomy":"product_tag","embeddable":true,"href":"https:\/\/koussikou.ch\/it\/wp-json\/wp\/v2\/product_tag?post=27598"}],"curies":[{"name":"wp","href":"https:\/\/api.w.org\/{rel}","templated":true}]}}