{"id":27747,"date":"2022-07-02T07:42:29","date_gmt":"2022-07-02T05:42:29","guid":{"rendered":"https:\/\/koussikou.ch\/?post_type=product&#038;p=27747"},"modified":"2026-03-06T08:55:12","modified_gmt":"2026-03-06T06:55:12","slug":"dome-cat-litter-box","status":"publish","type":"product","link":"https:\/\/koussikou.ch\/it\/prodotto\/dome-cat-litter-box\/","title":{"rendered":"Hoopo \u2013 Dome"},"content":{"rendered":"<div data-elementor-type=\"wp-post\" data-elementor-id=\"27747\" class=\"elementor elementor-27747\">\n\t\t\t\t<div class=\"wd-negative-gap elementor-element elementor-element-1fb664e e-flex e-con-boxed e-con e-parent\" data-id=\"1fb664e\" data-element_type=\"container\" data-e-type=\"container\">\n\t\t\t\t\t<div class=\"e-con-inner\">\n\t\t<div class=\"elementor-element elementor-element-2363280 e-con-full e-flex e-con e-child\" data-id=\"2363280\" data-element_type=\"container\" data-e-type=\"container\">\n\t\t\t\t<div class=\"elementor-element elementor-element-825ac1e elementor-widget elementor-widget-wd_text_block\" data-id=\"825ac1e\" data-element_type=\"widget\" data-e-type=\"widget\" data-widget_type=\"wd_text_block.default\">\n\t\t\t\t<div class=\"elementor-widget-container\">\n\t\t\t\t\t\t\t<div class=\"wd-text-block reset-last-child text-left\">\n\t\t\t\n\t\t\t<blockquote><h5>Migliorate l'esperienza della lettiera del vostro gatto e migliorate lo stile della vostra casa!<\/h5><\/blockquote><p>Elevate l'esperienza della lettiera del vostro gatto con il <strong><span style=\"color: #83b735;\">Lettiera per gatti a cupola<\/span><\/strong>disponibile nei colori bianco lucido e grigio elegante. Questa elegante lettiera combina un'estetica moderna con una pratica funzionalit\u00e0, assicurando una perfetta integrazione con l'arredamento della casa.<\/p><p>Design elegante: Il Dome ha un design elegante che si adatta perfettamente a qualsiasi stile d'interni. Grazie al suo look contemporaneo, non ha bisogno di essere nascosta, ma pu\u00f2 essere esposta con orgoglio in qualsiasi punto della casa.<\/p><p>Pratico e resistente: Realizzato in plastica ABS riciclata 100%, il Dome \u00e8 ecologico e destinato a durare nel tempo. La struttura facile da pulire assicura una manutenzione senza problemi, mentre il vassoio di raccolta interno impedisce efficacemente alla graniglia di spargersi, mantenendo i pavimenti puliti.<\/p><blockquote><h5>Adatto al vostro gatto?<\/h5><\/blockquote><p>La lettiera a cupola per gatti \u00e8 perfetta per <strong><span style=\"color: #83b735;\">gatti di taglia medio-piccola<\/span><\/strong>. Tuttavia, non \u00e8 adatto ai gatti che non possono urinare in posizione seduta o a quelli che nebulizzano, cos\u00ec come non \u00e8 adatto ai gatti che non possono urinare in posizione seduta o a quelli che nebulizzano.<\/p><blockquote><h5>Vantaggi principali:<\/h5><\/blockquote><p>Pratico e facile da pulire: Progettato per la vostra comodit\u00e0, rende la pulizia un gioco da ragazzi.<\/p><p>Niente pi\u00f9 granelli sul pavimento: La vaschetta di raccolta esterna consente di contenere la lettiera.<\/p><p>Aggiunta di stile alla casa: il design elegante si adatta a qualsiasi interno.<\/p><p>Facile accesso per il gatto: progettato pensando al suo comfort.<\/p><p>Ecologico: Realizzato in plastica ABS riciclata 100%, contribuisce a rendere il pianeta pi\u00f9 verde.<\/p>\n\t\t\t\t\t<\/div>\n\t\t\t\t\t\t<\/div>\n\t\t\t\t<\/div>\n\t\t\t\t<\/div>\n\t\t<div class=\"elementor-element elementor-element-98c4ff4 e-con-full e-flex e-con e-child\" data-id=\"98c4ff4\" data-element_type=\"container\" data-e-type=\"container\">\n\t\t<div class=\"wd-negative-gap elementor-element elementor-element-cfb94ce e-flex e-con-boxed e-con e-child\" data-id=\"cfb94ce\" data-element_type=\"container\" data-e-type=\"container\">\n\t\t\t\t\t<div class=\"e-con-inner\">\n\t\t\t\t<div class=\"elementor-element elementor-element-98a14a3 elementor-widget elementor-widget-wd_text_block\" data-id=\"98a14a3\" data-element_type=\"widget\" data-e-type=\"widget\" data-widget_type=\"wd_text_block.default\">\n\t\t\t\t<div class=\"elementor-widget-container\">\n\t\t\t\t\t\t\t<div class=\"wd-text-block reset-last-child text-left\">\n\t\t\t\n\t\t\t<blockquote><h5>Componenti:<\/h5><\/blockquote><p>Mestolo con supporto<\/p><p>Tenda (pu\u00f2 essere attivata o disattivata)<\/p><p>Fondo con cuscinetti<\/p><p>\u00a0<\/p>\n\t\t\t\t\t<\/div>\n\t\t\t\t\t\t<\/div>\n\t\t\t\t<\/div>\n\t\t\t\t<div class=\"elementor-element elementor-element-e9e0cca elementor-widget elementor-widget-wd_infobox\" data-id=\"e9e0cca\" data-element_type=\"widget\" data-e-type=\"widget\" data-widget_type=\"wd_infobox.default\">\n\t\t\t\t<div class=\"elementor-widget-container\">\n\t\t\t\t\t\t\t<div class=\"info-box-wrapper\">\n\t\t\t<div class=\"wd-info-box text-center box-icon-align-top box-style-base color-scheme-\">\n\t\t\t\t\t\t\t\t\t<div class=\"box-icon-wrapper  box-with-icon box-icon-simple\">\n\t\t\t\t\t\t<div class=\"info-box-icon\">\n\t\t\t\t\t\t\t\t\t\t\t\t\t\t\t<img loading=\"lazy\" decoding=\"async\" width=\"150\" height=\"150\" src=\"https:\/\/koussikou.ch\/wp-content\/uploads\/2024\/05\/image-40-150x150.webp\" class=\"attachment-thumbnail size-thumbnail\" alt=\"Soggiorno moderno e accogliente con arredamento elegante.\" srcset=\"https:\/\/koussikou.ch\/wp-content\/uploads\/2024\/05\/image-40-150x150.webp 150w, https:\/\/koussikou.ch\/wp-content\/uploads\/2024\/05\/image-40-300x300.webp 300w, https:\/\/koussikou.ch\/wp-content\/uploads\/2024\/05\/image-40-800x800.webp 800w, https:\/\/koussikou.ch\/wp-content\/uploads\/2024\/05\/image-40-768x768.webp 768w, https:\/\/koussikou.ch\/wp-content\/uploads\/2024\/05\/image-40-12x12.webp 12w, https:\/\/koussikou.ch\/wp-content\/uploads\/2024\/05\/image-40-430x430.webp 430w, https:\/\/koussikou.ch\/wp-content\/uploads\/2024\/05\/image-40-700x700.webp 700w, https:\/\/koussikou.ch\/wp-content\/uploads\/2024\/05\/image-40.webp 1000w\" sizes=\"auto, (max-width: 150px) 100vw, 150px\" \/>\t\t\t\t\t\t\t\t\t\t\t\t\t<\/div>\n\t\t\t\t\t<\/div>\n\t\t\t\t\n\t\t\t\t<div class=\"info-box-content\">\n\t\t\t\t\t\n\t\t\t\t\t\t\t\t\t\t\t<h4\t\t\t\t\t\tclass=\"info-box-title title box-title-style-default wd-fontsize-m\" data-elementor-setting-key=\"title\">\n\t\t\t\t\t\t\t\tCupola - Manuale\t\t\t\t\t\t<\/h4>\n\t\t\t\t\t\n\t\t\t\t\t<div class=\"info-box-inner reset-last-child\"data-elementor-setting-key=\"content\"><p><a href=\"https:\/\/koussikou.ch\/wp-content\/uploads\/2024\/05\/hoopo-dome-litter-box-manual-300x145mm-20210412-ou.pdf\" target=\"_blank\" rel=\"noopener\">Come fare<\/a><\/p>\n<\/div>\n\n\t\t\t\t\t\t\t\t\t<\/div>\n\n\t\t\t\t\t\t\t<\/div>\n\t\t<\/div>\n\t\t\t\t\t\t<\/div>\n\t\t\t\t<\/div>\n\t\t\t\t\t<\/div>\n\t\t\t\t<\/div>\n\t\t\t\t<\/div>\n\t\t\t\t\t<\/div>\n\t\t\t\t<\/div>\n\t\t\t\t<\/div>","protected":false},"excerpt":{"rendered":"<p>Migliorate l'esperienza della lettiera del vostro gatto e migliorate lo stile della vostra casa con la lettiera per gatti Dome, disponibile nei colori bianco elegante e grigio elegante.<\/p>","protected":false},"featured_media":27736,"template":"","meta":[],"product_brand":[],"product_cat":[42,104,121],"product_tag":[122,123],"class_list":{"0":"post-27747","1":"product","2":"type-product","3":"status-publish","4":"has-post-thumbnail","6":"product_cat-all","7":"product_cat-cats","8":"product_cat-toilet","9":"product_tag-cats","10":"product_tag-litters","12":"first","13":"outofstock","14":"featured","15":"shipping-taxable","16":"purchasable","17":"product-type-variable"},"_links":{"self":[{"href":"https:\/\/koussikou.ch\/it\/wp-json\/wp\/v2\/product\/27747","targetHints":{"allow":["GET"]}}],"collection":[{"href":"https:\/\/koussikou.ch\/it\/wp-json\/wp\/v2\/product"}],"about":[{"href":"https:\/\/koussikou.ch\/it\/wp-json\/wp\/v2\/types\/product"}],"version-history":[{"count":0,"href":"https:\/\/koussikou.ch\/it\/wp-json\/wp\/v2\/product\/27747\/revisions"}],"wp:featuredmedia":[{"embeddable":true,"href":"https:\/\/koussikou.ch\/it\/wp-json\/wp\/v2\/media\/27736"}],"wp:attachment":[{"href":"https:\/\/koussikou.ch\/it\/wp-json\/wp\/v2\/media?parent=27747"}],"wp:term":[{"taxonomy":"product_brand","embeddable":true,"href":"https:\/\/koussikou.ch\/it\/wp-json\/wp\/v2\/product_brand?post=27747"},{"taxonomy":"product_cat","embeddable":true,"href":"https:\/\/koussikou.ch\/it\/wp-json\/wp\/v2\/product_cat?post=27747"},{"taxonomy":"product_tag","embeddable":true,"href":"https:\/\/koussikou.ch\/it\/wp-json\/wp\/v2\/product_tag?post=27747"}],"curies":[{"name":"wp","href":"https:\/\/api.w.org\/{rel}","templated":true}]}}