{"id":27797,"date":"2020-06-30T19:21:54","date_gmt":"2020-06-30T17:21:54","guid":{"rendered":"https:\/\/koussikou.ch\/?post_type=product&#038;p=27797"},"modified":"2026-04-08T20:40:07","modified_gmt":"2026-04-08T18:40:07","slug":"dome-plus-cat-litter-box","status":"publish","type":"product","link":"https:\/\/koussikou.ch\/it\/prodotto\/dome-plus-cat-litter-box\/","title":{"rendered":"Hoopo - Dome Plus"},"content":{"rendered":"<div data-elementor-type=\"wp-post\" data-elementor-id=\"27797\" class=\"elementor elementor-27797\">\n\t\t\t\t<div class=\"wd-negative-gap elementor-element elementor-element-1367581 e-flex e-con-boxed e-con e-parent\" data-id=\"1367581\" data-element_type=\"container\" data-e-type=\"container\">\n\t\t\t\t\t<div class=\"e-con-inner\">\n\t\t<div class=\"elementor-element elementor-element-45a63ba e-con-full e-flex e-con e-child\" data-id=\"45a63ba\" data-element_type=\"container\" data-e-type=\"container\">\n\t\t\t\t<div class=\"elementor-element elementor-element-7e1d203 elementor-widget elementor-widget-wd_text_block\" data-id=\"7e1d203\" data-element_type=\"widget\" data-e-type=\"widget\" data-widget_type=\"wd_text_block.default\">\n\t\t\t\t<div class=\"elementor-widget-container\">\n\t\t\t\t\t\t\t<div class=\"wd-text-block reset-last-child text-left\">\n\t\t\t\n\t\t\t<blockquote><h5>Vi presentiamo la lettiera Dome Plus, un mix perfetto di stile, funzionalit\u00e0 e convenienza.<\/h5><\/blockquote><p>Progettato per soddisfare le esigenze sia dei gatti che dei proprietari di gatti, il <strong><span style=\"color: #83b735;\">Dome Plus<\/span><\/strong> offre una soluzione sofisticata per le esigenze della lettiera del vostro animale domestico, valorizzando al contempo l'arredamento della vostra casa.<\/p><p>Design elegante e moderno: Dome Plus ha un design elegante e contemporaneo che si adatta perfettamente a qualsiasi stile di interni. Disponibile nei colori bianco e grigio, questa lettiera non ha bisogno di essere nascosta. Il suo aspetto elegante la rende un'aggiunta gradita a qualsiasi ambiente.<\/p><p>Durevole ed ecologico: Realizzato in plastica ABS riciclata 100%, il Dome Plus \u00e8 costruito per durare. La sua struttura robusta garantisce una lunga durata, mentre il suo materiale ecologico favorisce un pianeta pi\u00f9 verde.<\/p><p>Caratteristiche pratiche: Il Dome Plus \u00e8 stato progettato pensando alla praticit\u00e0. Include un vassoio di raccolta esterno che impedisce alla graniglia di spargersi, mantenendo i pavimenti puliti. La lettiera \u00e8 anche facile da pulire e garantisce una manutenzione senza problemi.<\/p><blockquote><h5>Adatto al vostro gatto?<\/h5><\/blockquote><p>La lettiera Dome Plus \u00e8 adatta per <strong><span style=\"color: #83b735;\">gatti di piccola e grande taglia<\/span><\/strong>. Tuttavia, non \u00e8 adatto ai gatti che non possono urinare in posizione seduta o a quelli che nebulizzano, cos\u00ec come non \u00e8 adatto ai gatti che non possono urinare in posizione seduta o a quelli che nebulizzano.<\/p><blockquote><h5>Vantaggi principali:<\/h5><\/blockquote><p>Pratico e facile da pulire: La pulizia \u00e8 un gioco da ragazzi grazie al suo design facile da usare.<\/p><p>Niente pi\u00f9 granelli sul pavimento: La vaschetta di raccolta esterna consente di contenere la lettiera.<\/p><p>Elegante aggiunta alla vostra casa: il suo design elegante si adatta a qualsiasi interno.<\/p><p>Facile accesso per il gatto: progettato pensando al suo comfort.<\/p><p>Ecologico: Realizzato in plastica ABS riciclata 100%, contribuisce a rendere il pianeta pi\u00f9 verde.<\/p>\n\t\t\t\t\t<\/div>\n\t\t\t\t\t\t<\/div>\n\t\t\t\t<\/div>\n\t\t\t\t<\/div>\n\t\t<div class=\"elementor-element elementor-element-f748b54 e-con-full e-flex e-con e-child\" data-id=\"f748b54\" data-element_type=\"container\" data-e-type=\"container\">\n\t\t<div class=\"wd-negative-gap elementor-element elementor-element-97f6c04 e-flex e-con-boxed e-con e-child\" data-id=\"97f6c04\" data-element_type=\"container\" data-e-type=\"container\">\n\t\t\t\t\t<div class=\"e-con-inner\">\n\t\t\t\t<div class=\"elementor-element elementor-element-1cd059c elementor-widget elementor-widget-wd_text_block\" data-id=\"1cd059c\" data-element_type=\"widget\" data-e-type=\"widget\" data-widget_type=\"wd_text_block.default\">\n\t\t\t\t<div class=\"elementor-widget-container\">\n\t\t\t\t\t\t\t<div class=\"wd-text-block reset-last-child text-left\">\n\t\t\t\n\t\t\t<blockquote><h5><span style=\"color: #83b735;\">Componenti:\u00a0<\/span><\/h5><\/blockquote><p>Vaschetta di raccolta con piccolo contenitore<\/p><p>Mestolo con supporto<\/p><p>Tenda (pu\u00f2 essere attivata o disattivata)<\/p><p>Fondo con cuscinetti<\/p>\n\t\t\t\t\t<\/div>\n\t\t\t\t\t\t<\/div>\n\t\t\t\t<\/div>\n\t\t\t\t\t<\/div>\n\t\t\t\t<\/div>\n\t\t<div class=\"wd-negative-gap elementor-element elementor-element-97c72be e-flex e-con-boxed e-con e-child\" data-id=\"97c72be\" data-element_type=\"container\" data-e-type=\"container\">\n\t\t\t\t\t<div class=\"e-con-inner\">\n\t\t\t\t<div class=\"elementor-element elementor-element-365d597 elementor-widget elementor-widget-wd_text_block\" data-id=\"365d597\" data-element_type=\"widget\" data-e-type=\"widget\" data-widget_type=\"wd_text_block.default\">\n\t\t\t\t<div class=\"elementor-widget-container\">\n\t\t\t\t\t\t\t<div class=\"wd-text-block reset-last-child text-left\">\n\t\t\t\n\t\t\t\n\t\t\t\t\t<\/div>\n\t\t\t\t\t\t<\/div>\n\t\t\t\t<\/div>\n\t\t\t\t<div class=\"elementor-element elementor-element-9ee98eb elementor-widget elementor-widget-wd_infobox\" data-id=\"9ee98eb\" data-element_type=\"widget\" data-e-type=\"widget\" data-widget_type=\"wd_infobox.default\">\n\t\t\t\t<div class=\"elementor-widget-container\">\n\t\t\t\t\t\t\t<div class=\"info-box-wrapper\">\n\t\t\t<div class=\"wd-info-box text-center box-icon-align-top box-style-base color-scheme-\">\n\t\t\t\t\t\t\t\t\t<div class=\"box-icon-wrapper  box-with-icon box-icon-simple\">\n\t\t\t\t\t\t<div class=\"info-box-icon\">\n\t\t\t\t\t\t\t\t\t\t\t\t\t\t\t<img loading=\"lazy\" decoding=\"async\" width=\"150\" height=\"150\" src=\"https:\/\/koussikou.ch\/wp-content\/uploads\/2024\/05\/image-50-150x150.webp\" class=\"attachment-thumbnail size-thumbnail\" alt=\"Bellissimo tramonto su un lago sereno con montagne.\" srcset=\"https:\/\/koussikou.ch\/wp-content\/uploads\/2024\/05\/image-50-150x150.webp 150w, https:\/\/koussikou.ch\/wp-content\/uploads\/2024\/05\/image-50-300x300.webp 300w, https:\/\/koussikou.ch\/wp-content\/uploads\/2024\/05\/image-50-800x800.webp 800w, https:\/\/koussikou.ch\/wp-content\/uploads\/2024\/05\/image-50-768x768.webp 768w, https:\/\/koussikou.ch\/wp-content\/uploads\/2024\/05\/image-50-12x12.webp 12w, https:\/\/koussikou.ch\/wp-content\/uploads\/2024\/05\/image-50-430x430.webp 430w, https:\/\/koussikou.ch\/wp-content\/uploads\/2024\/05\/image-50-700x700.webp 700w, https:\/\/koussikou.ch\/wp-content\/uploads\/2024\/05\/image-50.webp 1000w\" sizes=\"auto, (max-width: 150px) 100vw, 150px\" \/>\t\t\t\t\t\t\t\t\t\t\t\t\t<\/div>\n\t\t\t\t\t<\/div>\n\t\t\t\t\n\t\t\t\t<div class=\"info-box-content\">\n\t\t\t\t\t\n\t\t\t\t\t\t\t\t\t\t\t<h4\t\t\t\t\t\tclass=\"info-box-title title box-title-style-default wd-fontsize-m\" data-elementor-setting-key=\"title\">\n\t\t\t\t\t\t\t\tDome Plus - Manuale\t\t\t\t\t\t<\/h4>\n\t\t\t\t\t\n\t\t\t\t\t<div class=\"info-box-inner reset-last-child\"data-elementor-setting-key=\"content\"><p><a href=\"https:\/\/koussikou.ch\/wp-content\/uploads\/2024\/05\/hoopo-dome-plus-litter-box-manual-300x145mm-202104.pdf\" target=\"_blank\" rel=\"noopener\">Come fare<\/a><\/p>\n<\/div>\n\n\t\t\t\t\t\t\t\t\t<\/div>\n\n\t\t\t\t\t\t\t<\/div>\n\t\t<\/div>\n\t\t\t\t\t\t<\/div>\n\t\t\t\t<\/div>\n\t\t\t\t\t<\/div>\n\t\t\t\t<\/div>\n\t\t\t\t<\/div>\n\t\t\t\t\t<\/div>\n\t\t\t\t<\/div>\n\t\t\t\t<\/div>","protected":false},"excerpt":{"rendered":"<p>Vi presentiamo la lettiera Dome Plus, dove il design elegante incontra un'eccezionale praticit\u00e0 e facilit\u00e0 d'uso.<\/p>","protected":false},"featured_media":27818,"template":"","meta":[],"product_brand":[],"product_cat":[42,104,121],"product_tag":[122,123],"class_list":{"0":"post-27797","1":"product","2":"type-product","3":"status-publish","4":"has-post-thumbnail","6":"product_cat-all","7":"product_cat-cats","8":"product_cat-toilet","9":"product_tag-cats","10":"product_tag-litters","12":"first","13":"outofstock","14":"featured","15":"shipping-taxable","16":"purchasable","17":"product-type-variable"},"_links":{"self":[{"href":"https:\/\/koussikou.ch\/it\/wp-json\/wp\/v2\/product\/27797","targetHints":{"allow":["GET"]}}],"collection":[{"href":"https:\/\/koussikou.ch\/it\/wp-json\/wp\/v2\/product"}],"about":[{"href":"https:\/\/koussikou.ch\/it\/wp-json\/wp\/v2\/types\/product"}],"version-history":[{"count":1,"href":"https:\/\/koussikou.ch\/it\/wp-json\/wp\/v2\/product\/27797\/revisions"}],"predecessor-version":[{"id":33070,"href":"https:\/\/koussikou.ch\/it\/wp-json\/wp\/v2\/product\/27797\/revisions\/33070"}],"wp:featuredmedia":[{"embeddable":true,"href":"https:\/\/koussikou.ch\/it\/wp-json\/wp\/v2\/media\/27818"}],"wp:attachment":[{"href":"https:\/\/koussikou.ch\/it\/wp-json\/wp\/v2\/media?parent=27797"}],"wp:term":[{"taxonomy":"product_brand","embeddable":true,"href":"https:\/\/koussikou.ch\/it\/wp-json\/wp\/v2\/product_brand?post=27797"},{"taxonomy":"product_cat","embeddable":true,"href":"https:\/\/koussikou.ch\/it\/wp-json\/wp\/v2\/product_cat?post=27797"},{"taxonomy":"product_tag","embeddable":true,"href":"https:\/\/koussikou.ch\/it\/wp-json\/wp\/v2\/product_tag?post=27797"}],"curies":[{"name":"wp","href":"https:\/\/api.w.org\/{rel}","templated":true}]}}