{"id":27909,"date":"2024-05-11T16:32:55","date_gmt":"2024-05-11T14:32:55","guid":{"rendered":"https:\/\/koussikou.ch\/?post_type=product&#038;p=27909"},"modified":"2024-08-13T07:29:24","modified_gmt":"2024-08-13T05:29:24","slug":"donut-cat-bed","status":"publish","type":"product","link":"https:\/\/koussikou.ch\/it\/prodotto\/donut-cat-bed\/","title":{"rendered":"Hoopo \u2013 Donut Bed"},"content":{"rendered":"<p>Lo splendido design del <span style=\"color: #83b735;\"><strong>Ciambella<\/strong><\/span> combina la pi\u00f9 alta maestria artigianale con i materiali pi\u00f9 pregiati. Questo morbido letto per gatti \u00e8 disponibile in otto colori che si integrano perfettamente in qualsiasi ambiente. E quando il letto si sporca, pu\u00f2 essere facilmente lavato in lavatrice.<\/p>\n<blockquote>\n<h5>Vantaggi principali<\/h5>\n<\/blockquote>\n<p>Cuscino meravigliosamente morbido e confortevole.<\/p>\n<p>\u2714 Lavabile in lavatrice a 30\u00baC.<\/p>\n<p>Imballaggio a basso consumo di CO2.<\/p>\n<p>Una bella aggiunta all'arredamento della vostra casa.<\/p>\n<p>I gatti possono inserire le zampe nel foro per ottenere la posizione ideale per sdraiarsi.<\/p>\n<blockquote>\n<h5>\u00c8 adatto al mio gatto?<\/h5>\n<\/blockquote>\n<p>La ciambella \u00e8 adatta a tutti i gatti. \u00c8 ottimo anche come letto portatile, per consentire al gatto di godere del comfort ovunque si trovi.<\/p>","protected":false},"excerpt":{"rendered":"<p>Godetevi i sogni pi\u00f9 belli dei gatti in questo letto estremamente confortevole per tutto il giorno.<\/p>","protected":false},"featured_media":27930,"template":"","meta":[],"product_brand":[],"product_cat":[42,104,32,129],"product_tag":[127,122,128],"class_list":{"0":"post-27909","1":"product","2":"type-product","3":"status-publish","4":"has-post-thumbnail","6":"product_cat-all","7":"product_cat-cats","8":"product_cat-furniture","9":"product_cat-sleep-relax-cats","10":"product_tag-beds","11":"product_tag-cats","12":"product_tag-cushions","14":"first","15":"instock","16":"shipping-taxable","17":"purchasable","18":"product-type-variable"},"_links":{"self":[{"href":"https:\/\/koussikou.ch\/it\/wp-json\/wp\/v2\/product\/27909","targetHints":{"allow":["GET"]}}],"collection":[{"href":"https:\/\/koussikou.ch\/it\/wp-json\/wp\/v2\/product"}],"about":[{"href":"https:\/\/koussikou.ch\/it\/wp-json\/wp\/v2\/types\/product"}],"version-history":[{"count":2,"href":"https:\/\/koussikou.ch\/it\/wp-json\/wp\/v2\/product\/27909\/revisions"}],"predecessor-version":[{"id":32492,"href":"https:\/\/koussikou.ch\/it\/wp-json\/wp\/v2\/product\/27909\/revisions\/32492"}],"wp:featuredmedia":[{"embeddable":true,"href":"https:\/\/koussikou.ch\/it\/wp-json\/wp\/v2\/media\/27930"}],"wp:attachment":[{"href":"https:\/\/koussikou.ch\/it\/wp-json\/wp\/v2\/media?parent=27909"}],"wp:term":[{"taxonomy":"product_brand","embeddable":true,"href":"https:\/\/koussikou.ch\/it\/wp-json\/wp\/v2\/product_brand?post=27909"},{"taxonomy":"product_cat","embeddable":true,"href":"https:\/\/koussikou.ch\/it\/wp-json\/wp\/v2\/product_cat?post=27909"},{"taxonomy":"product_tag","embeddable":true,"href":"https:\/\/koussikou.ch\/it\/wp-json\/wp\/v2\/product_tag?post=27909"}],"curies":[{"name":"wp","href":"https:\/\/api.w.org\/{rel}","templated":true}]}}