{"id":28385,"date":"2024-02-21T23:37:11","date_gmt":"2024-02-21T21:37:11","guid":{"rendered":"https:\/\/koussikou.ch\/?post_type=product&#038;p=28385"},"modified":"2025-05-02T13:10:16","modified_gmt":"2025-05-02T11:10:16","slug":"hoopo-cat-food-bowl","status":"publish","type":"product","link":"https:\/\/koussikou.ch\/it\/prodotto\/hoopo-cat-food-bowl\/","title":{"rendered":"Hoopo \u2013 Plate"},"content":{"rendered":"<div data-elementor-type=\"wp-post\" data-elementor-id=\"28385\" class=\"elementor elementor-28385\">\n\t\t\t\t<div class=\"wd-negative-gap elementor-element elementor-element-d61690c e-flex e-con-boxed e-con e-parent\" data-id=\"d61690c\" data-element_type=\"container\" data-e-type=\"container\">\n\t\t\t\t\t<div class=\"e-con-inner\">\n\t\t\t\t<div class=\"elementor-element elementor-element-52f69999 color-scheme-inherit text-left elementor-widget elementor-widget-text-editor\" data-id=\"52f69999\" data-element_type=\"widget\" data-e-type=\"widget\" data-widget_type=\"text-editor.default\">\n\t\t\t\t<div class=\"elementor-widget-container\">\n\t\t\t\t\t\t\t\t\t<p><span style=\"color: #83b735;\"><strong>The Plate<\/strong><\/span> \u00e8 realizzato in porcellana resistente e di alta qualit\u00e0 e il suo design largo e poco profondo evita l'affaticamento dei baffi ed \u00e8 ottimo anche per i gatti con la testa piatta.<\/p><p>La mangiatoia per gatti Plate \u00e8 perfetta da abbinare alla mangiatoia lenta Ring e alla mangiatoia ergonomica Tower, e i diversi colori permettono di combinarle in modo creativo.<\/p><blockquote><h5>Vantaggi principali<\/h5><\/blockquote><p>Pu\u00f2 essere utilizzato come ciotola per mangiare o bere.<\/p><p>Il design piatto e ampio previene l'affaticamento dei baffi.<\/p><p>Perfetto da utilizzare in combinazione con la mangiatoia a torre o ad anello.<\/p><p>Si regge saldamente in piedi grazie al suo design stabile e al suo peso.<\/p><p>\u00c8 dotato di una maniglia che ne facilita il sollevamento.<\/p><p>Realizzato in porcellana resistente e di alta qualit\u00e0.<\/p><p>Lavabile in lavastoviglie.<\/p><blockquote><h5>\u00c8 adatto al mio gatto?<\/h5><\/blockquote><p>La mangiatoia Plate \u00e8 adatta a tutti i gatti e, grazie al suo design ampio, \u00e8 ottima anche per l'utilizzo quando il gatto soffre di affaticamento dei baffi e per i gatti con la testa piatta.<\/p>\t\t\t\t\t\t\t\t<\/div>\n\t\t\t\t<\/div>\n\t\t\t\t\t<\/div>\n\t\t\t\t<\/div>\n\t\t\t\t<\/div>","protected":false},"excerpt":{"rendered":"<p>La ciotola di alimentazione Plate, con il suo design largo e poco profondo, evita l'affaticamento dei baffi.<\/p>","protected":false},"featured_media":28398,"template":"","meta":[],"product_brand":[],"product_cat":[42,104,133],"product_tag":[],"class_list":{"0":"post-28385","1":"product","2":"type-product","3":"status-publish","4":"has-post-thumbnail","6":"product_cat-all","7":"product_cat-cats","8":"product_cat-eat-cats","10":"first","11":"instock","12":"shipping-taxable","13":"purchasable","14":"product-type-variable"},"_links":{"self":[{"href":"https:\/\/koussikou.ch\/it\/wp-json\/wp\/v2\/product\/28385","targetHints":{"allow":["GET"]}}],"collection":[{"href":"https:\/\/koussikou.ch\/it\/wp-json\/wp\/v2\/product"}],"about":[{"href":"https:\/\/koussikou.ch\/it\/wp-json\/wp\/v2\/types\/product"}],"version-history":[{"count":1,"href":"https:\/\/koussikou.ch\/it\/wp-json\/wp\/v2\/product\/28385\/revisions"}],"predecessor-version":[{"id":33003,"href":"https:\/\/koussikou.ch\/it\/wp-json\/wp\/v2\/product\/28385\/revisions\/33003"}],"wp:featuredmedia":[{"embeddable":true,"href":"https:\/\/koussikou.ch\/it\/wp-json\/wp\/v2\/media\/28398"}],"wp:attachment":[{"href":"https:\/\/koussikou.ch\/it\/wp-json\/wp\/v2\/media?parent=28385"}],"wp:term":[{"taxonomy":"product_brand","embeddable":true,"href":"https:\/\/koussikou.ch\/it\/wp-json\/wp\/v2\/product_brand?post=28385"},{"taxonomy":"product_cat","embeddable":true,"href":"https:\/\/koussikou.ch\/it\/wp-json\/wp\/v2\/product_cat?post=28385"},{"taxonomy":"product_tag","embeddable":true,"href":"https:\/\/koussikou.ch\/it\/wp-json\/wp\/v2\/product_tag?post=28385"}],"curies":[{"name":"wp","href":"https:\/\/api.w.org\/{rel}","templated":true}]}}