{"id":28429,"date":"2024-05-05T06:02:48","date_gmt":"2024-05-05T04:02:48","guid":{"rendered":"https:\/\/koussikou.ch\/?post_type=product&#038;p=28429"},"modified":"2026-04-08T20:40:07","modified_gmt":"2026-04-08T18:40:07","slug":"hoopo-poh","status":"publish","type":"product","link":"https:\/\/koussikou.ch\/it\/prodotto\/hoopo-poh\/","title":{"rendered":"Hoopo &#8211; Poh"},"content":{"rendered":"<div data-elementor-type=\"wp-post\" data-elementor-id=\"28429\" class=\"elementor elementor-28429\">\n\t\t\t\t<div class=\"wd-negative-gap elementor-element elementor-element-1367581 e-flex e-con-boxed e-con e-parent\" data-id=\"1367581\" data-element_type=\"container\" data-e-type=\"container\">\n\t\t\t\t\t<div class=\"e-con-inner\">\n\t\t<div class=\"elementor-element elementor-element-45a63ba e-con-full e-flex e-con e-child\" data-id=\"45a63ba\" data-element_type=\"container\" data-e-type=\"container\">\n\t\t\t\t<div class=\"elementor-element elementor-element-7e1d203 elementor-widget elementor-widget-wd_text_block\" data-id=\"7e1d203\" data-element_type=\"widget\" data-e-type=\"widget\" data-widget_type=\"wd_text_block.default\">\n\t\t\t\t<div class=\"elementor-widget-container\">\n\t\t\t\t\t\t\t<div class=\"wd-text-block reset-last-child text-left\">\n\t\t\t\n\t\t\t<blockquote><h5>Questa bellissima versione ridisegnata della classica lettiera \u00e8 realizzata interamente in plastica ecologica.<\/h5><\/blockquote><p>Il design compatto rende il Poh adatto a piccoli spazi, ma \u00e8 anche abbastanza spazioso per il comfort del vostro gatto.<\/p><p><strong><span style=\"color: #83b735;\">Il Poh<\/span><span style=\"color: #83b735;\"> toilette per gatti<\/span><\/strong> \u00e8 realizzata in plastica resistente di alta qualit\u00e0, facile da pulire e solida. La pulizia \u00e8 facile grazie alla pratica paletta che si inserisce perfettamente nel contenitore allegato. Grazie al design elegante, la lettiera non deve essere nascosta e pu\u00f2 essere collocata ovunque.<\/p>\n\t\t\t\t\t<\/div>\n\t\t\t\t\t\t<\/div>\n\t\t\t\t<\/div>\n\t\t\t\t<div class=\"elementor-element elementor-element-4cf04fb elementor-widget elementor-widget-wd_text_block\" data-id=\"4cf04fb\" data-element_type=\"widget\" data-e-type=\"widget\" data-widget_type=\"wd_text_block.default\">\n\t\t\t\t<div class=\"elementor-widget-container\">\n\t\t\t\t\t\t\t<div class=\"wd-text-block reset-last-child text-left\">\n\t\t\t\n\t\t\t<blockquote><h5>\u00c8 adatto al mio gatto?<\/h5><\/blockquote><p>Il Poh \u00e8 adatto a razze di gatti di piccola e grande taglia. Il Poh non \u00e8 adatto ai gatti che non riescono a sedersi per fare pip\u00ec e alle razze di gatti pi\u00f9 grandi (Ragdoll, Main Coon).<\/p>\n\t\t\t\t\t<\/div>\n\t\t\t\t\t\t<\/div>\n\t\t\t\t<\/div>\n\t\t\t\t<\/div>\n\t\t<div class=\"elementor-element elementor-element-f748b54 e-con-full e-flex e-con e-child\" data-id=\"f748b54\" data-element_type=\"container\" data-e-type=\"container\">\n\t\t<div class=\"wd-negative-gap elementor-element elementor-element-97f6c04 e-flex e-con-boxed e-con e-child\" data-id=\"97f6c04\" data-element_type=\"container\" data-e-type=\"container\">\n\t\t\t\t\t<div class=\"e-con-inner\">\n\t\t\t\t<div class=\"elementor-element elementor-element-1cd059c elementor-widget elementor-widget-wd_text_block\" data-id=\"1cd059c\" data-element_type=\"widget\" data-e-type=\"widget\" data-widget_type=\"wd_text_block.default\">\n\t\t\t\t<div class=\"elementor-widget-container\">\n\t\t\t\t\t\t\t<div class=\"wd-text-block reset-last-child text-left\">\n\t\t\t\n\t\t\t<blockquote><h5>Componenti:\u00a0<\/h5><\/blockquote><p>Mestolo con supporto<\/p><blockquote><h5>Vantaggi principali:<\/h5><\/blockquote><p>Il Poh \u00e8 molto pratico e facile da pulire.<\/p><p>Un'aggiunta gradita ai vostri interni.<\/p><p>Facile accesso per il gatto.<\/p><p>Il design aperto rende il Poh adatto ai gatti timorosi.<\/p><p>Rispettoso dell'ambiente, realizzato in ABS riciclato 100%.<\/p>\n\t\t\t\t\t<\/div>\n\t\t\t\t\t\t<\/div>\n\t\t\t\t<\/div>\n\t\t\t\t\t<\/div>\n\t\t\t\t<\/div>\n\t\t<div class=\"wd-negative-gap elementor-element elementor-element-97c72be e-flex e-con-boxed e-con e-child\" data-id=\"97c72be\" data-element_type=\"container\" data-e-type=\"container\">\n\t\t\t\t\t<div class=\"e-con-inner\">\n\t\t\t\t<div class=\"elementor-element elementor-element-365d597 elementor-widget elementor-widget-wd_text_block\" data-id=\"365d597\" data-element_type=\"widget\" data-e-type=\"widget\" data-widget_type=\"wd_text_block.default\">\n\t\t\t\t<div class=\"elementor-widget-container\">\n\t\t\t\t\t\t\t<div class=\"wd-text-block reset-last-child text-left\">\n\t\t\t\n\t\t\t\n\t\t\t\t\t<\/div>\n\t\t\t\t\t\t<\/div>\n\t\t\t\t<\/div>\n\t\t\t\t\t<\/div>\n\t\t\t\t<\/div>\n\t\t\t\t<\/div>\n\t\t\t\t\t<\/div>\n\t\t\t\t<\/div>\n\t\t\t\t<\/div>","protected":false},"excerpt":{"rendered":"<p>Elegante ed ecologica lettiera per gatti Poh: Design compatto e facile da pulire per spazi ridotti. Realizzata in ABS riciclato 100%, adatta alla maggior parte delle razze di gatti. Include una paletta con supporto. Perfetto connubio tra funzionalit\u00e0 ed estetica moderna per la vostra casa.<\/p>","protected":false},"featured_media":28440,"template":"","meta":[],"product_brand":[],"product_cat":[42,104,121],"product_tag":[122,123],"class_list":{"0":"post-28429","1":"product","2":"type-product","3":"status-publish","4":"has-post-thumbnail","6":"product_cat-all","7":"product_cat-cats","8":"product_cat-toilet","9":"product_tag-cats","10":"product_tag-litters","12":"first","13":"instock","14":"featured","15":"shipping-taxable","16":"purchasable","17":"product-type-variable"},"_links":{"self":[{"href":"https:\/\/koussikou.ch\/it\/wp-json\/wp\/v2\/product\/28429","targetHints":{"allow":["GET"]}}],"collection":[{"href":"https:\/\/koussikou.ch\/it\/wp-json\/wp\/v2\/product"}],"about":[{"href":"https:\/\/koussikou.ch\/it\/wp-json\/wp\/v2\/types\/product"}],"version-history":[{"count":1,"href":"https:\/\/koussikou.ch\/it\/wp-json\/wp\/v2\/product\/28429\/revisions"}],"predecessor-version":[{"id":33020,"href":"https:\/\/koussikou.ch\/it\/wp-json\/wp\/v2\/product\/28429\/revisions\/33020"}],"wp:featuredmedia":[{"embeddable":true,"href":"https:\/\/koussikou.ch\/it\/wp-json\/wp\/v2\/media\/28440"}],"wp:attachment":[{"href":"https:\/\/koussikou.ch\/it\/wp-json\/wp\/v2\/media?parent=28429"}],"wp:term":[{"taxonomy":"product_brand","embeddable":true,"href":"https:\/\/koussikou.ch\/it\/wp-json\/wp\/v2\/product_brand?post=28429"},{"taxonomy":"product_cat","embeddable":true,"href":"https:\/\/koussikou.ch\/it\/wp-json\/wp\/v2\/product_cat?post=28429"},{"taxonomy":"product_tag","embeddable":true,"href":"https:\/\/koussikou.ch\/it\/wp-json\/wp\/v2\/product_tag?post=28429"}],"curies":[{"name":"wp","href":"https:\/\/api.w.org\/{rel}","templated":true}]}}