{"id":28696,"date":"2021-08-02T20:35:48","date_gmt":"2021-08-02T18:35:48","guid":{"rendered":"https:\/\/koussikou.ch\/?post_type=product&#038;p=28696"},"modified":"2024-06-22T16:27:34","modified_gmt":"2024-06-22T14:27:34","slug":"borsa-classica-ibiyaya","status":"publish","type":"product","link":"https:\/\/koussikou.ch\/it\/prodotto\/borsa-classica-ibiyaya\/","title":{"rendered":"Ibiyaya &#8211; Classic Bag"},"content":{"rendered":"<p><strong><span style=\"color: #83b735;\">La borsa Ibiyaya Classic<\/span><\/strong> \u00e8 il compagno di viaggio ideale per il vostro animale domestico. Progettato all'insegna dello stile e della funzionalit\u00e0, questo versatile trasportino \u00e8 perfetto per ogni uscita.<\/p>\n<p>Realizzato con materiali resistenti e di alta qualit\u00e0, garantisce il comfort e la sicurezza del vostro animale durante il viaggio. Le finestre in rete traspiranti garantiscono un'eccellente ventilazione, mentre l'interno morbido e soffice mantiene il vostro animale al riparo.<\/p>\n<p>La tracolla regolabile e i manici ergonomici la rendono facile da trasportare, sia che si tratti di andare dal veterinario, sia che si tratti di un weekend di vacanza o di una semplice passeggiata intorno all'isolato. La borsa Ibiyaya Classic \u00e8 anche facile da pulire, grazie al cuscinetto interno rimovibile e lavabile.<\/p>\n<p>Viaggiate in tutta tranquillit\u00e0 sapendo che il vostro amico peloso \u00e8 al sicuro e comodo nella borsa Ibiyaya Classic.<\/p>\n<p>Questa borsa \u00e8 pieghevole ed \u00e8 realizzata in materiale EVA leggero.<\/p>\n<p>Comodo e salvaspazio: Design staccabile, pieghevole e facile da piegare.<\/p>\n<p>Massima ventilazione e visibilit\u00e0<\/p>\n<p>Cuscinetto rimovibile per una facile pulizia<\/p>\n<p>Tracolla imbottita inclusa<\/p>","protected":false},"excerpt":{"rendered":"<p>Viaggiate con stile con la borsa Ibiyaya Classic! Questo elegante e resistente trasportino per animali domestici offre il massimo comfort grazie alle finestre in rete traspirante e all'interno in peluche. Facile da trasportare e da pulire, \u00e8 perfetto per ogni avventura con il vostro amico peloso.<\/p>","protected":false},"featured_media":28701,"template":"","meta":[],"product_brand":[],"product_cat":[42,104,95,132,131],"product_tag":[477,472,475,471,326,473,355,474,476],"class_list":{"0":"post-28696","1":"product","2":"type-product","3":"status-publish","4":"has-post-thumbnail","6":"product_cat-all","7":"product_cat-cats","8":"product_cat-dogs","9":"product_cat-travel-walk-cats","10":"product_cat-travel-walk-dogs","11":"product_tag-breathable-pet-carrier","12":"product_tag-classic-bag","13":"product_tag-durable-pet-carrier","14":"product_tag-ibiyaya","15":"product_tag-pet-accessories","16":"product_tag-pet-carrier","17":"product_tag-pet-comfort","18":"product_tag-pet-travel","19":"product_tag-stylish-pet-bag","21":"first","22":"instock","23":"shipping-taxable","24":"purchasable","25":"product-type-variable"},"_links":{"self":[{"href":"https:\/\/koussikou.ch\/it\/wp-json\/wp\/v2\/product\/28696","targetHints":{"allow":["GET"]}}],"collection":[{"href":"https:\/\/koussikou.ch\/it\/wp-json\/wp\/v2\/product"}],"about":[{"href":"https:\/\/koussikou.ch\/it\/wp-json\/wp\/v2\/types\/product"}],"version-history":[{"count":0,"href":"https:\/\/koussikou.ch\/it\/wp-json\/wp\/v2\/product\/28696\/revisions"}],"wp:featuredmedia":[{"embeddable":true,"href":"https:\/\/koussikou.ch\/it\/wp-json\/wp\/v2\/media\/28701"}],"wp:attachment":[{"href":"https:\/\/koussikou.ch\/it\/wp-json\/wp\/v2\/media?parent=28696"}],"wp:term":[{"taxonomy":"product_brand","embeddable":true,"href":"https:\/\/koussikou.ch\/it\/wp-json\/wp\/v2\/product_brand?post=28696"},{"taxonomy":"product_cat","embeddable":true,"href":"https:\/\/koussikou.ch\/it\/wp-json\/wp\/v2\/product_cat?post=28696"},{"taxonomy":"product_tag","embeddable":true,"href":"https:\/\/koussikou.ch\/it\/wp-json\/wp\/v2\/product_tag?post=28696"}],"curies":[{"name":"wp","href":"https:\/\/api.w.org\/{rel}","templated":true}]}}