{"id":28755,"date":"2023-10-09T11:10:14","date_gmt":"2023-10-09T09:10:14","guid":{"rendered":"https:\/\/koussikou.ch\/?post_type=product&#038;p=28755"},"modified":"2024-06-23T16:47:10","modified_gmt":"2024-06-23T14:47:10","slug":"howlpot-howly","status":"publish","type":"product","link":"https:\/\/koussikou.ch\/it\/prodotto\/howlpot-howly\/","title":{"rendered":"Howlpot. - Howly"},"content":{"rendered":"<p>Incontrare <span style=\"color: #83b735;\"><strong>Howly<\/strong><\/span>l'ultima creazione innovativa di Howlpot. Questo prodotto dal design elegante e multifunzionale \u00e8 pensato per i moderni proprietari di animali domestici che cercano stile e comodit\u00e0. Howly \u00e8 un accessorio per animali domestici tutto in uno, progettato per mantenere i vostri amici pelosi divertiti, comodi e felici.<\/p>\n<p>Caratterizzato da un design elegante e minimalista, Howly si integra facilmente nell'arredamento di qualsiasi casa, offrendo al contempo la massima funzionalit\u00e0. Che si tratti di un letto accogliente o di un giocattolo interattivo, Howly \u00e8 la soluzione ideale. Realizzato con materiali pregiati, garantisce durata e comfort ai vostri animali domestici. Il design intelligente lo rende anche facile da pulire, garantendo un ambiente igienico per i vostri amati animali.<\/p>\n<p>\u00c8 stata creata con un telaio in acciaio rimovibile che mantiene saldamente la struttura della casa. Il telaio in acciaio consente di riporla facilmente.<\/p>\n<p>Il tessuto del cuscino interno \u00e8 stato rifinito con materiale impermeabile, per cui \u00e8 al sicuro da una notevole quantit\u00e0 di incidenti del vostro compagno.<\/p>\n<p>Date ai vostri animali domestici il lusso che meritano con Howly by Howlpot.<\/p>","protected":false},"excerpt":{"rendered":"<p>Howly di Howlpot unisce stile e funzionalit\u00e0 in un unico accessorio elegante e multifunzionale, offrendo comfort e divertimento ai vostri animali domestici.<\/p>","protected":false},"featured_media":28771,"template":"","meta":[],"product_brand":[],"product_cat":[42,95,32,130],"product_tag":[547,546,551,549,548,348,550,552],"class_list":{"0":"post-28755","1":"product","2":"type-product","3":"status-publish","4":"has-post-thumbnail","6":"product_cat-all","7":"product_cat-dogs","8":"product_cat-furniture","9":"product_cat-sleep-relax-dogs","10":"product_tag-howlpot","11":"product_tag-howly","12":"product_tag-modern-design","13":"product_tag-multifunctional","14":"product_tag-pet-accessory","15":"product_tag-pet-bed","16":"product_tag-pet-toy","17":"product_tag-premium-pet-product","19":"first","20":"instock","21":"shipping-taxable","22":"purchasable","23":"product-type-variable"},"_links":{"self":[{"href":"https:\/\/koussikou.ch\/it\/wp-json\/wp\/v2\/product\/28755","targetHints":{"allow":["GET"]}}],"collection":[{"href":"https:\/\/koussikou.ch\/it\/wp-json\/wp\/v2\/product"}],"about":[{"href":"https:\/\/koussikou.ch\/it\/wp-json\/wp\/v2\/types\/product"}],"version-history":[{"count":0,"href":"https:\/\/koussikou.ch\/it\/wp-json\/wp\/v2\/product\/28755\/revisions"}],"wp:featuredmedia":[{"embeddable":true,"href":"https:\/\/koussikou.ch\/it\/wp-json\/wp\/v2\/media\/28771"}],"wp:attachment":[{"href":"https:\/\/koussikou.ch\/it\/wp-json\/wp\/v2\/media?parent=28755"}],"wp:term":[{"taxonomy":"product_brand","embeddable":true,"href":"https:\/\/koussikou.ch\/it\/wp-json\/wp\/v2\/product_brand?post=28755"},{"taxonomy":"product_cat","embeddable":true,"href":"https:\/\/koussikou.ch\/it\/wp-json\/wp\/v2\/product_cat?post=28755"},{"taxonomy":"product_tag","embeddable":true,"href":"https:\/\/koussikou.ch\/it\/wp-json\/wp\/v2\/product_tag?post=28755"}],"curies":[{"name":"wp","href":"https:\/\/api.w.org\/{rel}","templated":true}]}}