{"id":28859,"date":"2020-09-23T14:56:33","date_gmt":"2020-09-23T12:56:33","guid":{"rendered":"https:\/\/koussikou.ch\/?post_type=product&#038;p=28859"},"modified":"2025-11-17T03:13:25","modified_gmt":"2025-11-17T01:13:25","slug":"tessuto-misto-ibiyaya-portico","status":"publish","type":"product","link":"https:\/\/koussikou.ch\/it\/prodotto\/tessuto-misto-ibiyaya-portico\/","title":{"rendered":"Ibiyaya - Portico"},"content":{"rendered":"<div data-elementor-type=\"wp-post\" data-elementor-id=\"28859\" class=\"elementor elementor-28859\">\n\t\t\t\t<div class=\"wd-negative-gap elementor-element elementor-element-d46d074 e-flex e-con-boxed e-con e-parent\" data-id=\"d46d074\" data-element_type=\"container\" data-e-type=\"container\">\n\t\t\t\t\t<div class=\"e-con-inner\">\n\t\t<div class=\"elementor-element elementor-element-ddfe465 e-con-full e-flex e-con e-child\" data-id=\"ddfe465\" data-element_type=\"container\" data-e-type=\"container\">\n\t\t\t\t<div class=\"elementor-element elementor-element-38b080d elementor-widget elementor-widget-wd_text_block\" data-id=\"38b080d\" data-element_type=\"widget\" data-e-type=\"widget\" data-widget_type=\"wd_text_block.default\">\n\t\t\t\t<div class=\"elementor-widget-container\">\n\t\t\t\t\t\t\t<div class=\"wd-text-block reset-last-child text-left\">\n\t\t\t\n\t\t\t<p>Il <strong><span style=\"color: #83b735;\">Portico Deluxe<\/span><\/strong> <strong>Borsa a tracolla per cani e gatti<\/strong>\u00e8 un'opzione di lusso se volete viaggiare con i vostri animali domestici con stile.<\/p><p>Ideale per cani, gatti o cuccioli di piccola taglia <strong>fino a 6 kg<\/strong>.<\/p><p>Le finestre trasparenti offrono una vista rassicurante per gli animali domestici ansiosi. Dispone inoltre di numerosi fori di ventilazione.<\/p><p>La borsa \u00e8 dotata di due robuste maniglie imbottite e di una tracolla regolabile imbottita che consente di trasportarla comodamente sia a mano che a spalla.<\/p><p>La borsa Portico Deluxe Pet Transporter \u00e8 davvero facile da riporre. Si ripiega completamente quando non viene utilizzata. Il trasportino \u00e8 dotato di un comodo, spesso e morbido tappetino per animali domestici. Ideale per sedersi e dormire, pu\u00f2 essere rimosso per la pulizia.<\/p>\n\t\t\t\t\t<\/div>\n\t\t\t\t\t\t<\/div>\n\t\t\t\t<\/div>\n\t\t\t\t<\/div>\n\t\t<div class=\"elementor-element elementor-element-a62ed35 e-con-full e-flex e-con e-child\" data-id=\"a62ed35\" data-element_type=\"container\" data-e-type=\"container\">\n\t\t\t\t<div class=\"elementor-element elementor-element-eb34a56 elementor-widget elementor-widget-wd_text_block\" data-id=\"eb34a56\" data-element_type=\"widget\" data-e-type=\"widget\" data-widget_type=\"wd_text_block.default\">\n\t\t\t\t<div class=\"elementor-widget-container\">\n\t\t\t\t\t\t\t<div class=\"wd-text-block reset-last-child text-left\">\n\t\t\t\n\t\t\t<blockquote><h5><span style=\"color: #83b735;\">Vantaggi principali<\/span><\/h5><\/blockquote><p>Materiale resistente alle sollecitazioni e durevole, che mantiene il vostro animale domestico al sicuro.<\/p><p>Ampie finestre trasparenti e ventilazione.<\/p><p>Cinghie regolabili per il trasporto a mano o a spalla.<\/p><p style=\"text-align: left;\">Design compatto, facile da ripiegare. Ideale per risparmiare spazio quando viene riposto.<\/p><p>Cuscino interno morbido per il massimo comfort.<\/p><p>Guinzaglio interno per tenere al sicuro il vostro animale.<\/p>\n\t\t\t\t\t<\/div>\n\t\t\t\t\t\t<\/div>\n\t\t\t\t<\/div>\n\t\t\t\t<\/div>\n\t\t<div class=\"elementor-element elementor-element-abcdb9a e-con-full e-flex e-con e-child\" data-id=\"abcdb9a\" data-element_type=\"container\" data-e-type=\"container\">\n\t\t\t\t<\/div>\n\t\t<div class=\"elementor-element elementor-element-ebeb55c e-con-full e-flex e-con e-child\" data-id=\"ebeb55c\" data-element_type=\"container\" data-e-type=\"container\">\n\t\t\t\t<div class=\"elementor-element elementor-element-a24868a elementor-widget elementor-widget-wd_text_block\" data-id=\"a24868a\" data-element_type=\"widget\" data-e-type=\"widget\" data-widget_type=\"wd_text_block.default\">\n\t\t\t\t<div class=\"elementor-widget-container\">\n\t\t\t\t\t\t\t<div class=\"wd-text-block reset-last-child text-left\">\n\t\t\t\n\t\t\t<blockquote><h5><span style=\"color: #83b735;\">Accessori inclusi<\/span><\/h5><\/blockquote><p>Imbottitura interna rimovibile<\/p><p>1 cavo interno<\/p><p>Tracolla regolabile<\/p>\n\t\t\t\t\t<\/div>\n\t\t\t\t\t\t<\/div>\n\t\t\t\t<\/div>\n\t\t\t\t<div class=\"elementor-element elementor-element-f28d9dc elementor-widget elementor-widget-spacer\" data-id=\"f28d9dc\" data-element_type=\"widget\" data-e-type=\"widget\" data-widget_type=\"spacer.default\">\n\t\t\t\t<div class=\"elementor-widget-container\">\n\t\t\t\t\t\t\t<div class=\"elementor-spacer\">\n\t\t\t<div class=\"elementor-spacer-inner\"><\/div>\n\t\t<\/div>\n\t\t\t\t\t\t<\/div>\n\t\t\t\t<\/div>\n\t\t\t\t<\/div>\n\t\t\t\t\t<\/div>\n\t\t\t\t<\/div>\n\t\t<div class=\"wd-negative-gap elementor-element elementor-element-0e6fd56 e-grid e-con-boxed e-con e-parent\" data-id=\"0e6fd56\" data-element_type=\"container\" data-e-type=\"container\">\n\t\t\t\t\t<div class=\"e-con-inner\">\n\t\t\t\t<div class=\"elementor-element elementor-element-afee5a7 elementor-widget elementor-widget-testimonial\" data-id=\"afee5a7\" data-element_type=\"widget\" data-e-type=\"widget\" data-widget_type=\"testimonial.default\">\n\t\t\t\t<div class=\"elementor-widget-container\">\n\t\t\t\t\t\t\t<div class=\"elementor-testimonial-wrapper\">\n\t\t\t\t\t\t\t<div class=\"elementor-testimonial-content\">Se siete alla ricerca di un modo elegante e pratico per viaggiare con il vostro animale domestico, la borsa Portico Deluxe \u00e8 una scelta eccellente!<\/div>\n\t\t\t\n\t\t\t\t\t\t<div class=\"elementor-testimonial-meta elementor-has-image elementor-testimonial-image-position-aside\">\n\t\t\t\t<div class=\"elementor-testimonial-meta-inner\">\n\t\t\t\t\t\t\t\t\t\t\t<div class=\"elementor-testimonial-image\">\n\t\t\t\t\t\t\t<img loading=\"lazy\" decoding=\"async\" width=\"1024\" height=\"683\" src=\"https:\/\/koussikou.ch\/wp-content\/uploads\/2024\/06\/FC1821OG_13-1.webp\" class=\"attachment-full size-full wp-image-28951\" alt=\"\" srcset=\"https:\/\/koussikou.ch\/wp-content\/uploads\/2024\/06\/FC1821OG_13-1.webp 1024w, https:\/\/koussikou.ch\/wp-content\/uploads\/2024\/06\/FC1821OG_13-1-400x267.webp 400w, https:\/\/koussikou.ch\/wp-content\/uploads\/2024\/06\/FC1821OG_13-1-768x512.webp 768w, https:\/\/koussikou.ch\/wp-content\/uploads\/2024\/06\/FC1821OG_13-1-18x12.webp 18w, https:\/\/koussikou.ch\/wp-content\/uploads\/2024\/06\/FC1821OG_13-1-430x287.webp 430w, https:\/\/koussikou.ch\/wp-content\/uploads\/2024\/06\/FC1821OG_13-1-700x467.webp 700w, https:\/\/koussikou.ch\/wp-content\/uploads\/2024\/06\/FC1821OG_13-1-150x100.webp 150w\" sizes=\"auto, (max-width: 1024px) 100vw, 1024px\" \/>\t\t\t\t\t\t<\/div>\n\t\t\t\t\t\n\t\t\t\t\t\t\t\t\t\t<div class=\"elementor-testimonial-details\">\n\t\t\t\t\t\t\t\t\t\t\t\t\t\t<div class=\"elementor-testimonial-name\">Elina Bergmann<\/div>\n\t\t\t\t\t\t\t\t\t\t\t\t\t\t\t\t\t\t\t\t\t\t<div class=\"elementor-testimonial-job\">Designer<\/div>\n\t\t\t\t\t\t\t\t\t\t\t\t\t<\/div>\n\t\t\t\t\t\t\t\t\t<\/div>\n\t\t\t<\/div>\n\t\t\t\t\t<\/div>\n\t\t\t\t\t\t<\/div>\n\t\t\t\t<\/div>\n\t\t\t\t\t<\/div>\n\t\t\t\t<\/div>\n\t\t\t\t<\/div>","protected":false},"excerpt":{"rendered":"<p>Ibiyaya Portico \u00e8 un trasportino elegante e confortevole per gatti e cani di piccola taglia, con rete traspirante, design ergonomico e facile accesso.<\/p>","protected":false},"featured_media":28885,"template":"","meta":[],"product_brand":[],"product_cat":[42,104,95,131,132],"product_tag":[],"class_list":{"0":"post-28859","1":"product","2":"type-product","3":"status-publish","4":"has-post-thumbnail","6":"product_cat-all","7":"product_cat-cats","8":"product_cat-dogs","9":"product_cat-travel-walk-dogs","10":"product_cat-travel-walk-cats","12":"first","13":"instock","14":"shipping-taxable","15":"purchasable","16":"product-type-simple"},"_links":{"self":[{"href":"https:\/\/koussikou.ch\/it\/wp-json\/wp\/v2\/product\/28859","targetHints":{"allow":["GET"]}}],"collection":[{"href":"https:\/\/koussikou.ch\/it\/wp-json\/wp\/v2\/product"}],"about":[{"href":"https:\/\/koussikou.ch\/it\/wp-json\/wp\/v2\/types\/product"}],"version-history":[{"count":0,"href":"https:\/\/koussikou.ch\/it\/wp-json\/wp\/v2\/product\/28859\/revisions"}],"wp:featuredmedia":[{"embeddable":true,"href":"https:\/\/koussikou.ch\/it\/wp-json\/wp\/v2\/media\/28885"}],"wp:attachment":[{"href":"https:\/\/koussikou.ch\/it\/wp-json\/wp\/v2\/media?parent=28859"}],"wp:term":[{"taxonomy":"product_brand","embeddable":true,"href":"https:\/\/koussikou.ch\/it\/wp-json\/wp\/v2\/product_brand?post=28859"},{"taxonomy":"product_cat","embeddable":true,"href":"https:\/\/koussikou.ch\/it\/wp-json\/wp\/v2\/product_cat?post=28859"},{"taxonomy":"product_tag","embeddable":true,"href":"https:\/\/koussikou.ch\/it\/wp-json\/wp\/v2\/product_tag?post=28859"}],"curies":[{"name":"wp","href":"https:\/\/api.w.org\/{rel}","templated":true}]}}