{"id":29095,"date":"2022-01-18T19:25:37","date_gmt":"2022-01-18T17:25:37","guid":{"rendered":"https:\/\/koussikou.ch\/?post_type=product&#038;p=29095"},"modified":"2024-06-22T18:04:30","modified_gmt":"2024-06-22T16:04:30","slug":"catplayfurniture-scratchnplay","status":"publish","type":"product","link":"https:\/\/koussikou.ch\/it\/prodotto\/catplayfurniture-scratchnplay\/","title":{"rendered":"CatPlayFurniture &#8211; Scratch&#8217;n&#8217;Play"},"content":{"rendered":"<p><span style=\"color: #83b735;\"><strong>The CatPlayFurniture Scratch\u2019n\u2019Play<\/strong><\/span> \u00e8 un mobile per gatti innovativo e multifunzionale che combina tre elementi essenziali per il benessere dei felini:<\/p>\n<p>\u2714 <strong>Scratcher<\/strong>: Soddisfa il naturale desiderio del gatto di grattarsi e aiuta a mantenere la salute degli artigli.<br \/>\n\u2714 <strong>Area giochi<\/strong>: Offre al gatto uno spazio coinvolgente per fare esercizio e rimanere mentalmente stimolato.<br \/>\n\u2714 <strong>Accogliente luogo di riposo<\/strong>: Offre al gatto un luogo confortevole per rilassarsi e sonnecchiare.<\/p>\n<p>Questo versatile oggetto \u00e8 realizzato con materiali durevoli e di alta qualit\u00e0 per garantire un uso duraturo. \u00c8 stato progettato per far divertire e stare bene il vostro gatto, risparmiando spazio in casa grazie alla combinazione di pi\u00f9 funzioni adatte ai gatti in un'unica unit\u00e0.<\/p>\n<p>Scratch'n'Play fa parte della collezione CatPlayFurniture, che si concentra sulla creazione di mobili per gatti funzionali ed eleganti. Offrendo uno spazio dedicato per graffiare, giocare e riposare, questo prodotto pu\u00f2 aiutare a ridurre i graffi indesiderati sui mobili e fornire un ambiente stimolante per il gatto.<\/p>\n<p>Investendo in uno Scratch'n'Play, fornirete al vostro amico felino uno spazio dedicato che soddisfi le sue diverse esigenze, migliorando potenzialmente il suo benessere generale e il suo comportamento in casa.<\/p>","protected":false},"excerpt":{"rendered":"<p>Scratch'n'Play di CatPlayFurniture: il tiragraffi, l'area di gioco e l'accogliente luogo di riposo per il vostro amico felino.<\/p>","protected":false},"featured_media":29096,"template":"","meta":[],"product_brand":[],"product_cat":[42,104,105],"product_tag":[412,455,456,457,459,454,458],"class_list":{"0":"post-29095","1":"product","2":"type-product","3":"status-publish","4":"has-post-thumbnail","6":"product_cat-all","7":"product_cat-cats","8":"product_cat-toys-cats","9":"product_tag-cat-furniture","10":"product_tag-cat-play-area","11":"product_tag-cat-resting-spot","12":"product_tag-durable-cat-furniture","13":"product_tag-multi-level-cat-furniture","14":"product_tag-scratching-post","15":"product_tag-stylish-cat-furniture","17":"first","18":"instock","19":"shipping-taxable","20":"purchasable","21":"product-type-simple"},"_links":{"self":[{"href":"https:\/\/koussikou.ch\/it\/wp-json\/wp\/v2\/product\/29095","targetHints":{"allow":["GET"]}}],"collection":[{"href":"https:\/\/koussikou.ch\/it\/wp-json\/wp\/v2\/product"}],"about":[{"href":"https:\/\/koussikou.ch\/it\/wp-json\/wp\/v2\/types\/product"}],"version-history":[{"count":0,"href":"https:\/\/koussikou.ch\/it\/wp-json\/wp\/v2\/product\/29095\/revisions"}],"wp:featuredmedia":[{"embeddable":true,"href":"https:\/\/koussikou.ch\/it\/wp-json\/wp\/v2\/media\/29096"}],"wp:attachment":[{"href":"https:\/\/koussikou.ch\/it\/wp-json\/wp\/v2\/media?parent=29095"}],"wp:term":[{"taxonomy":"product_brand","embeddable":true,"href":"https:\/\/koussikou.ch\/it\/wp-json\/wp\/v2\/product_brand?post=29095"},{"taxonomy":"product_cat","embeddable":true,"href":"https:\/\/koussikou.ch\/it\/wp-json\/wp\/v2\/product_cat?post=29095"},{"taxonomy":"product_tag","embeddable":true,"href":"https:\/\/koussikou.ch\/it\/wp-json\/wp\/v2\/product_tag?post=29095"}],"curies":[{"name":"wp","href":"https:\/\/api.w.org\/{rel}","templated":true}]}}