{"id":29115,"date":"2022-11-05T22:50:49","date_gmt":"2022-11-05T20:50:49","guid":{"rendered":"https:\/\/koussikou.ch\/?post_type=product&#038;p=29115"},"modified":"2025-09-30T10:43:05","modified_gmt":"2025-09-30T08:43:05","slug":"ibiyaya-portico-deluxe","status":"publish","type":"product","link":"https:\/\/koussikou.ch\/it\/prodotto\/ibiyaya-portico-deluxe\/","title":{"rendered":"Ibiyaya - Portico Deluxe"},"content":{"rendered":"<div data-elementor-type=\"wp-post\" data-elementor-id=\"29115\" class=\"elementor elementor-29115\">\n\t\t\t\t<div class=\"wd-negative-gap elementor-element elementor-element-4900917 e-flex e-con-boxed e-con e-parent\" data-id=\"4900917\" data-element_type=\"container\" data-e-type=\"container\">\n\t\t\t\t\t<div class=\"e-con-inner\">\n\t\t<div class=\"elementor-element elementor-element-2ac4b81 e-con-full e-flex e-con e-child\" data-id=\"2ac4b81\" data-element_type=\"container\" data-e-type=\"container\">\n\t\t\t\t<div class=\"elementor-element elementor-element-25a38d6 elementor-widget elementor-widget-wd_text_block\" data-id=\"25a38d6\" data-element_type=\"widget\" data-e-type=\"widget\" data-widget_type=\"wd_text_block.default\">\n\t\t\t\t<div class=\"elementor-widget-container\">\n\t\t\t\t\t\t\t<div class=\"wd-text-block reset-last-child text-left\">\n\t\t\t\n\t\t\t<p>Il <strong><span style=\"color: #83b735;\">Portico Deluxe<\/span><\/strong> <strong>Borsa a tracolla per cani e gatti<\/strong>\u00e8 un'opzione di lusso se volete viaggiare con i vostri animali domestici con stile.<\/p><p>Ideale per cani di piccola taglia, gatti o cuccioli fino a 6 kg.<\/p><p>Le finestre trasparenti offrono una vista rassicurante per gli animali domestici ansiosi. Dispone inoltre di numerosi fori di ventilazione.<\/p><p>La borsa \u00e8 dotata di due robuste maniglie imbottite e di una tracolla regolabile imbottita che consente di trasportarla comodamente sia a mano che a spalla.<\/p><p>La borsa Portico Deluxe Pet Transporter \u00e8 davvero facile da riporre. Si ripiega completamente quando non viene utilizzata. Il trasportino \u00e8 dotato di un comodo, spesso e morbido tappetino per animali domestici. Ideale per sedersi e dormire, pu\u00f2 essere rimosso per la pulizia.<\/p><blockquote><h5><span style=\"color: #83b735;\">Vantaggi principali<\/span><\/h5><\/blockquote><p>Materiale resistente alle sollecitazioni e durevole, che mantiene il vostro animale domestico al sicuro.<\/p><p>Ampie finestre trasparenti e ventilazione.<\/p><p>Cinghie regolabili per il trasporto a mano o a spalla.<\/p><p style=\"text-align: left;\">Design compatto, facile da ripiegare. Ideale per risparmiare spazio quando viene riposto.<\/p><p>Cuscino interno morbido per il massimo comfort.<\/p><p>Guinzaglio interno per tenere al sicuro il vostro animale.<\/p>\n\t\t\t\t\t<\/div>\n\t\t\t\t\t\t<\/div>\n\t\t\t\t<\/div>\n\t\t\t\t<\/div>\n\t\t<div class=\"elementor-element elementor-element-4753524 e-con-full e-flex e-con e-child\" data-id=\"4753524\" data-element_type=\"container\" data-e-type=\"container\">\n\t\t<div class=\"wd-negative-gap elementor-element elementor-element-595db67 e-flex e-con-boxed e-con e-child\" data-id=\"595db67\" data-element_type=\"container\" data-e-type=\"container\">\n\t\t\t\t\t<div class=\"e-con-inner\">\n\t\t\t\t<div class=\"elementor-element elementor-element-2c7b9bc elementor-widget elementor-widget-wd_text_block\" data-id=\"2c7b9bc\" data-element_type=\"widget\" data-e-type=\"widget\" data-widget_type=\"wd_text_block.default\">\n\t\t\t\t<div class=\"elementor-widget-container\">\n\t\t\t\t\t\t\t<div class=\"wd-text-block reset-last-child text-left\">\n\t\t\t\n\t\t\t<blockquote><h5><span style=\"color: #83b735;\">Accessori inclusi<\/span><\/h5><\/blockquote><p>Imbottitura interna rimovibile<\/p><p>1 cavo interno<\/p><p>Tracolla regolabile<\/p>\n\t\t\t\t\t<\/div>\n\t\t\t\t\t\t<\/div>\n\t\t\t\t<\/div>\n\t\t\t\t<div class=\"elementor-element elementor-element-ea02731 elementor-widget elementor-widget-testimonial\" data-id=\"ea02731\" data-element_type=\"widget\" data-e-type=\"widget\" data-widget_type=\"testimonial.default\">\n\t\t\t\t<div class=\"elementor-widget-container\">\n\t\t\t\t\t\t\t<div class=\"elementor-testimonial-wrapper\">\n\t\t\t\t\t\t\t<div class=\"elementor-testimonial-content\">Questa lussuosa borsa combina eleganza e funzionalit\u00e0, assicurando che il vostro piccolo cane, gatto o cucciolo viaggi in tutta comodit\u00e0.<\/div>\n\t\t\t\n\t\t\t\t\t\t<div class=\"elementor-testimonial-meta elementor-has-image elementor-testimonial-image-position-aside\">\n\t\t\t\t<div class=\"elementor-testimonial-meta-inner\">\n\t\t\t\t\t\t\t\t\t\t\t<div class=\"elementor-testimonial-image\">\n\t\t\t\t\t\t\t<img loading=\"lazy\" decoding=\"async\" width=\"466\" height=\"466\" src=\"https:\/\/koussikou.ch\/wp-content\/uploads\/2024\/06\/portico-mixed-fabric-bag-13-e1717522620274.jpg\" class=\"attachment-full size-full wp-image-28873\" alt=\"\" srcset=\"https:\/\/koussikou.ch\/wp-content\/uploads\/2024\/06\/portico-mixed-fabric-bag-13-e1717522620274.jpg 466w, https:\/\/koussikou.ch\/wp-content\/uploads\/2024\/06\/portico-mixed-fabric-bag-13-e1717522620274-300x300.jpg 300w, https:\/\/koussikou.ch\/wp-content\/uploads\/2024\/06\/portico-mixed-fabric-bag-13-e1717522620274-150x150.jpg 150w, https:\/\/koussikou.ch\/wp-content\/uploads\/2024\/06\/portico-mixed-fabric-bag-13-e1717522620274-12x12.jpg 12w, https:\/\/koussikou.ch\/wp-content\/uploads\/2024\/06\/portico-mixed-fabric-bag-13-e1717522620274-430x430.jpg 430w\" sizes=\"auto, (max-width: 466px) 100vw, 466px\" \/>\t\t\t\t\t\t<\/div>\n\t\t\t\t\t\n\t\t\t\t\t\t\t\t\t\t<div class=\"elementor-testimonial-details\">\n\t\t\t\t\t\t\t\t\t\t\t\t\t\t<div class=\"elementor-testimonial-name\">Elina Bergmann<\/div>\n\t\t\t\t\t\t\t\t\t\t\t\t\t\t\t\t\t\t\t\t\t\t<div class=\"elementor-testimonial-job\">Designer<\/div>\n\t\t\t\t\t\t\t\t\t\t\t\t\t<\/div>\n\t\t\t\t\t\t\t\t\t<\/div>\n\t\t\t<\/div>\n\t\t\t\t\t<\/div>\n\t\t\t\t\t\t<\/div>\n\t\t\t\t<\/div>\n\t\t\t\t\t<\/div>\n\t\t\t\t<\/div>\n\t\t\t\t<\/div>\n\t\t\t\t\t<\/div>\n\t\t\t\t<\/div>\n\t\t\t\t<\/div>","protected":false},"excerpt":{"rendered":"<p>Viaggiate con stile e comfort con Ibiyaya Portico Deluxe, un trasportino di qualit\u00e0 superiore progettato per garantire sicurezza, praticit\u00e0 ed eleganza.<\/p>","protected":false},"featured_media":29116,"template":"","meta":[],"product_brand":[],"product_cat":[42,104,95,131,132],"product_tag":[556,557,471,555,473,560,553,554,558,559],"class_list":{"0":"post-29115","1":"product","2":"type-product","3":"status-publish","4":"has-post-thumbnail","6":"product_cat-all","7":"product_cat-cats","8":"product_cat-dogs","9":"product_cat-travel-walk-dogs","10":"product_cat-travel-walk-cats","11":"product_tag-ergonomic-pet-carrier","12":"product_tag-foldable-pet-carrier","13":"product_tag-ibiyaya","14":"product_tag-luxury-pet-carrier","15":"product_tag-pet-carrier","16":"product_tag-pet-travel-accessories","17":"product_tag-portico-deluxe","18":"product_tag-travel-pet-carrier","19":"product_tag-ventilated-pet-carrier","20":"product_tag-washable-pet-padding","22":"first","23":"instock","24":"shipping-taxable","25":"purchasable","26":"product-type-simple"},"_links":{"self":[{"href":"https:\/\/koussikou.ch\/it\/wp-json\/wp\/v2\/product\/29115","targetHints":{"allow":["GET"]}}],"collection":[{"href":"https:\/\/koussikou.ch\/it\/wp-json\/wp\/v2\/product"}],"about":[{"href":"https:\/\/koussikou.ch\/it\/wp-json\/wp\/v2\/types\/product"}],"version-history":[{"count":0,"href":"https:\/\/koussikou.ch\/it\/wp-json\/wp\/v2\/product\/29115\/revisions"}],"wp:featuredmedia":[{"embeddable":true,"href":"https:\/\/koussikou.ch\/it\/wp-json\/wp\/v2\/media\/29116"}],"wp:attachment":[{"href":"https:\/\/koussikou.ch\/it\/wp-json\/wp\/v2\/media?parent=29115"}],"wp:term":[{"taxonomy":"product_brand","embeddable":true,"href":"https:\/\/koussikou.ch\/it\/wp-json\/wp\/v2\/product_brand?post=29115"},{"taxonomy":"product_cat","embeddable":true,"href":"https:\/\/koussikou.ch\/it\/wp-json\/wp\/v2\/product_cat?post=29115"},{"taxonomy":"product_tag","embeddable":true,"href":"https:\/\/koussikou.ch\/it\/wp-json\/wp\/v2\/product_tag?post=29115"}],"curies":[{"name":"wp","href":"https:\/\/api.w.org\/{rel}","templated":true}]}}