{"id":29149,"date":"2022-03-21T17:57:29","date_gmt":"2022-03-21T15:57:29","guid":{"rendered":"https:\/\/koussikou.ch\/?post_type=product&#038;p=29149"},"modified":"2024-06-29T10:35:49","modified_gmt":"2024-06-29T08:35:49","slug":"ibiyaya-petite-arena","status":"publish","type":"product","link":"https:\/\/koussikou.ch\/it\/prodotto\/ibiyaya-petite-arena\/","title":{"rendered":"Ibiyaya \u2013 Petite Arena"},"content":{"rendered":"<p>Il <span style=\"color: #83b735;\"><strong>Letto per gatti Little Arena<\/strong><\/span> offre un mix perfetto di stile, comfort e praticit\u00e0 per il vostro amico felino. Progettato per essere riposto e trasportato con facilit\u00e0, questo letto pu\u00f2 essere smontato rapidamente grazie alla cerniera, diventando cos\u00ec una soluzione salvaspazio per ogni casa.<\/p>\n<blockquote><p><strong>Caratteristiche principali<\/strong><\/p><\/blockquote>\n<p>Facile da riporre\/trasportare: Si smonta senza fatica grazie alla comoda cerniera.<\/p>\n<p>Risparmio di spazio: Design compatto ideale per qualsiasi spazio abitativo.<\/p>\n<p>Fori di ventilazione: Assicura che il gatto rimanga fresco e comodo.<\/p>\n<p>Decorazione per la casa alla moda: Design e motivi eleganti che si adattano a qualsiasi interno.<\/p>\n<p>Materiale ecologico: Realizzato in EVA resistente e sostenibile.<\/p>\n<p>Fondo antiscivolo: Garantisce stabilit\u00e0 e impedisce lo scivolamento.<\/p>\n<p>Ultra leggero: Facile da spostare e da maneggiare.<\/p>\n<p><strong>Cuscino Premium incluso<\/strong>: Un morbido cuscino in poliestere ad alta densit\u00e0 per il massimo comfort.<\/p>\n<p>Il letto per gatti Little Arena non \u00e8 solo un letto, ma un'aggiunta alla moda per la vostra casa che offre uno spazio accogliente e sicuro per il vostro gatto per rilassarsi.<\/p>","protected":false},"excerpt":{"rendered":"<p>Vi presentiamo il letto per gatti Little Arena: una soluzione elegante e salvaspazio per il vostro amico felino. Facilmente smontabile con una cerniera per un comodo stoccaggio e trasporto, questo letto ecologico in EVA \u00e8 dotato di fori di ventilazione, un fondo antiscivolo e un cuscino di qualit\u00e0 superiore per il massimo comfort.<\/p>","protected":false},"featured_media":29162,"template":"","meta":[],"product_brand":[],"product_cat":[42,104,95,129,130],"product_tag":[],"class_list":{"0":"post-29149","1":"product","2":"type-product","3":"status-publish","4":"has-post-thumbnail","6":"product_cat-all","7":"product_cat-cats","8":"product_cat-dogs","9":"product_cat-sleep-relax-cats","10":"product_cat-sleep-relax-dogs","12":"first","13":"instock","14":"shipping-taxable","15":"purchasable","16":"product-type-simple"},"_links":{"self":[{"href":"https:\/\/koussikou.ch\/it\/wp-json\/wp\/v2\/product\/29149","targetHints":{"allow":["GET"]}}],"collection":[{"href":"https:\/\/koussikou.ch\/it\/wp-json\/wp\/v2\/product"}],"about":[{"href":"https:\/\/koussikou.ch\/it\/wp-json\/wp\/v2\/types\/product"}],"version-history":[{"count":0,"href":"https:\/\/koussikou.ch\/it\/wp-json\/wp\/v2\/product\/29149\/revisions"}],"wp:featuredmedia":[{"embeddable":true,"href":"https:\/\/koussikou.ch\/it\/wp-json\/wp\/v2\/media\/29162"}],"wp:attachment":[{"href":"https:\/\/koussikou.ch\/it\/wp-json\/wp\/v2\/media?parent=29149"}],"wp:term":[{"taxonomy":"product_brand","embeddable":true,"href":"https:\/\/koussikou.ch\/it\/wp-json\/wp\/v2\/product_brand?post=29149"},{"taxonomy":"product_cat","embeddable":true,"href":"https:\/\/koussikou.ch\/it\/wp-json\/wp\/v2\/product_cat?post=29149"},{"taxonomy":"product_tag","embeddable":true,"href":"https:\/\/koussikou.ch\/it\/wp-json\/wp\/v2\/product_tag?post=29149"}],"curies":[{"name":"wp","href":"https:\/\/api.w.org\/{rel}","templated":true}]}}