{"id":29747,"date":"2024-06-11T10:15:06","date_gmt":"2024-06-11T08:15:06","guid":{"rendered":"https:\/\/koussikou.ch\/?post_type=product&#038;p=29747"},"modified":"2024-06-23T17:54:49","modified_gmt":"2024-06-23T15:54:49","slug":"distributore-dacqua-da-viaggio-freezack","status":"publish","type":"product","link":"https:\/\/koussikou.ch\/it\/prodotto\/distributore-dacqua-da-viaggio-freezack\/","title":{"rendered":"Freezack \u2013 Travel Water Dispenser"},"content":{"rendered":"<div data-elementor-type=\"wp-post\" data-elementor-id=\"29747\" class=\"elementor elementor-29747\">\n\t\t\t\t<div class=\"wd-negative-gap elementor-element elementor-element-722e2f64 e-flex e-con-boxed e-con e-parent\" data-id=\"722e2f64\" data-element_type=\"container\" data-e-type=\"container\">\n\t\t\t\t\t<div class=\"e-con-inner\">\n\t\t\t\t<div class=\"elementor-element elementor-element-42f8dd89 color-scheme-inherit text-left elementor-widget elementor-widget-text-editor\" data-id=\"42f8dd89\" data-element_type=\"widget\" data-e-type=\"widget\" data-widget_type=\"text-editor.default\">\n\t\t\t\t<div class=\"elementor-widget-container\">\n\t\t\t\t\t\t\t\t\t<p>Freezack <span style=\"color: #83b735;\"><strong>Travel Water Dispenser<\/strong><\/span> \u00e8 una pratica borraccia con ciotola per bere quando si \u00e8 in viaggio. \u00c8 possibile agganciare la bottiglia alla cintura o alla borsa.<\/p>\n\n<p>Questo distributore d'acqua da viaggio \u00e8 ideale per varie attivit\u00e0 all'aperto, come escursioni, campeggio o semplicemente per fare commissioni con il vostro animale domestico. Il suo design intelligente consente di fornire acqua fresca al vostro compagno peloso ovunque andiate, senza bisogno di ciotole o contenitori separati. La possibilit\u00e0 di agganciarlo alla cintura o alla borsa consente di avere le mani libere e lo rende un comodo accessorio per tutti i proprietari di animali domestici in movimento.<\/p>\n\t\t\t\t\t\t\t\t<\/div>\n\t\t\t\t<\/div>\n\t\t\t\t\t<\/div>\n\t\t\t\t<\/div>\n\t\t\t\t<\/div>","protected":false},"excerpt":{"rendered":"<p>Mantenete il vostro animale domestico idratato anche in viaggio con il distributore d'acqua da viaggio Freezack. Leggero, a prova di perdite e facile da usare, \u00e8 perfetto per qualsiasi avventura.<\/p>","protected":false},"featured_media":29750,"template":"","meta":[],"product_brand":[],"product_cat":[42,95,131],"product_tag":[],"class_list":{"0":"post-29747","1":"product","2":"type-product","3":"status-publish","4":"has-post-thumbnail","6":"product_cat-all","7":"product_cat-dogs","8":"product_cat-travel-walk-dogs","10":"first","11":"instock","12":"shipping-taxable","13":"purchasable","14":"product-type-simple"},"_links":{"self":[{"href":"https:\/\/koussikou.ch\/it\/wp-json\/wp\/v2\/product\/29747","targetHints":{"allow":["GET"]}}],"collection":[{"href":"https:\/\/koussikou.ch\/it\/wp-json\/wp\/v2\/product"}],"about":[{"href":"https:\/\/koussikou.ch\/it\/wp-json\/wp\/v2\/types\/product"}],"version-history":[{"count":0,"href":"https:\/\/koussikou.ch\/it\/wp-json\/wp\/v2\/product\/29747\/revisions"}],"wp:featuredmedia":[{"embeddable":true,"href":"https:\/\/koussikou.ch\/it\/wp-json\/wp\/v2\/media\/29750"}],"wp:attachment":[{"href":"https:\/\/koussikou.ch\/it\/wp-json\/wp\/v2\/media?parent=29747"}],"wp:term":[{"taxonomy":"product_brand","embeddable":true,"href":"https:\/\/koussikou.ch\/it\/wp-json\/wp\/v2\/product_brand?post=29747"},{"taxonomy":"product_cat","embeddable":true,"href":"https:\/\/koussikou.ch\/it\/wp-json\/wp\/v2\/product_cat?post=29747"},{"taxonomy":"product_tag","embeddable":true,"href":"https:\/\/koussikou.ch\/it\/wp-json\/wp\/v2\/product_tag?post=29747"}],"curies":[{"name":"wp","href":"https:\/\/api.w.org\/{rel}","templated":true}]}}