{"id":31446,"date":"2024-06-16T19:09:28","date_gmt":"2024-06-16T17:09:28","guid":{"rendered":"https:\/\/koussikou.ch\/?post_type=product&#038;p=31446"},"modified":"2024-06-22T01:03:34","modified_gmt":"2024-06-21T23:03:34","slug":"guinzaglio-lok-basic","status":"publish","type":"product","link":"https:\/\/koussikou.ch\/it\/prodotto\/guinzaglio-lok-basic\/","title":{"rendered":"Curli &#8211; Lok Leash Basic"},"content":{"rendered":"<p>Il <strong><span style=\"color: #83b735;\">Curli Lok Leash Basic<\/span><\/strong> \u00e8 la combinazione perfetta di funzionalit\u00e0, durata e stile sia per voi che per il vostro amico peloso. Realizzato con materiali di alta qualit\u00e0, questo guinzaglio garantisce una presa comoda e sicura, offrendo l'affidabilit\u00e0 necessaria per le passeggiate quotidiane e le avventure all'aperto.<\/p>\n<p>L'innovativo meccanismo di bloccaggio offre una maggiore sicurezza, garantendo che il guinzaglio rimanga saldamente attaccato al collare o alla pettorina del cane. Con il suo design elegante e moderno, questo guinzaglio non solo ha prestazioni eccezionali, ma \u00e8 anche bello da vedere.<\/p>\n<p>Che si tratti di passeggiare nel parco o di percorrere strade trafficate, il guinzaglio Curli Lok Basic \u00e8 progettato per offrire il massimo controllo e comfort.<\/p>\n<p>Scegliete Curli per un guinzaglio che si distingue per qualit\u00e0 e design.<\/p>\n<blockquote>\n<h5><span style=\"color: #83b735;\">CARATTERISTICHE<\/span><\/h5>\n<\/blockquote>\n<p>Lunghezza regolabile da 140 a 220 cm, facile e veloce.<\/p>\n<p>Sistema di connessione Lok per l'espansione del cavo con i prodotti Lok System<\/p>\n<p>Moschettone extra leggero, meno pesante e pi\u00f9 sicuro per la schiena del cane.<\/p>\n<p>Punto di rotazione sulla maniglia con il sistema di connessione Lok<\/p>\n<p>Cinturino da polso imbottito per una presa sicura e confortevole<\/p>\n<p>Dispenser per sacchetti di rifiuti per cani<\/p>\n<p>Anello per agganciare il cane a un oggetto fisso<\/p>\n<p>Impugnatura imbottita, presa comoda e ottimale<\/p>\n<p>\u2714 <strong>Per cani fino a 60 kg<\/strong><\/p>","protected":false},"excerpt":{"rendered":"<p>Il guinzaglio Curli Lok Basic combina durata, comfort e stile, con un meccanismo di chiusura sicuro per un uso quotidiano affidabile.<\/p>","protected":false},"featured_media":31452,"template":"","meta":[],"product_brand":[],"product_cat":[42,95,131],"product_tag":[518,520,521,534,537,533,538,326,535,536],"class_list":{"0":"post-31446","1":"product","2":"type-product","3":"status-publish","4":"has-post-thumbnail","6":"product_cat-all","7":"product_cat-dogs","8":"product_cat-travel-walk-dogs","9":"product_tag-curli","10":"product_tag-dog-leash","11":"product_tag-dog-walking","12":"product_tag-durable-dog-leash","13":"product_tag-high-quality-dog-leash","14":"product_tag-lok-leash-basic","15":"product_tag-outdoor-adventures","16":"product_tag-pet-accessories","17":"product_tag-secure-dog-leash","18":"product_tag-stylish-dog-leash","20":"first","21":"instock","22":"sale","23":"shipping-taxable","24":"purchasable","25":"product-type-variable"},"_links":{"self":[{"href":"https:\/\/koussikou.ch\/it\/wp-json\/wp\/v2\/product\/31446","targetHints":{"allow":["GET"]}}],"collection":[{"href":"https:\/\/koussikou.ch\/it\/wp-json\/wp\/v2\/product"}],"about":[{"href":"https:\/\/koussikou.ch\/it\/wp-json\/wp\/v2\/types\/product"}],"version-history":[{"count":0,"href":"https:\/\/koussikou.ch\/it\/wp-json\/wp\/v2\/product\/31446\/revisions"}],"wp:featuredmedia":[{"embeddable":true,"href":"https:\/\/koussikou.ch\/it\/wp-json\/wp\/v2\/media\/31452"}],"wp:attachment":[{"href":"https:\/\/koussikou.ch\/it\/wp-json\/wp\/v2\/media?parent=31446"}],"wp:term":[{"taxonomy":"product_brand","embeddable":true,"href":"https:\/\/koussikou.ch\/it\/wp-json\/wp\/v2\/product_brand?post=31446"},{"taxonomy":"product_cat","embeddable":true,"href":"https:\/\/koussikou.ch\/it\/wp-json\/wp\/v2\/product_cat?post=31446"},{"taxonomy":"product_tag","embeddable":true,"href":"https:\/\/koussikou.ch\/it\/wp-json\/wp\/v2\/product_tag?post=31446"}],"curies":[{"name":"wp","href":"https:\/\/api.w.org\/{rel}","templated":true}]}}