{"id":32224,"date":"2024-07-25T17:46:07","date_gmt":"2024-07-25T15:46:07","guid":{"rendered":"https:\/\/koussikou.ch\/?post_type=product&#038;p=32224"},"modified":"2024-07-25T18:11:17","modified_gmt":"2024-07-25T16:11:17","slug":"bowl-bone-felix","status":"publish","type":"product","link":"https:\/\/koussikou.ch\/it\/prodotto\/bowl-bone-felix\/","title":{"rendered":"Bowl &#038; Bone &#8211; Felix"},"content":{"rendered":"<p>Scoprite il compagno canino per eccellenza: il giocattolo per cani Felix di Bowl and Bone Republic!<\/p>\n<p>Questo irresistibile peluche \u00e8 stato progettato per intrattenere il vostro amico peloso per ore, combinando divertimento e funzionalit\u00e0.<\/p>\n<h5><span style=\"color: #83b735;\">Caratteristiche principali<\/span><\/h5>\n<p>Dimensioni perfette: Circa 28 cm di lunghezza e 23 cm di larghezza, ideale per cani di tutte le taglie.<br \/>\n\u2714 Design stimolante: Realizzato con materiali di alta qualit\u00e0 in colori vivaci e texture interessanti.<br \/>\n\u2714 Coinvolgimento sensoriale: La speciale pellicola frusciante all'interno fornisce una stimolazione uditiva senza fastidiosi cigolii.<br \/>\n\u2714 Gioco versatile: Ottimo per le attivit\u00e0 all'interno e all'esterno, incoraggiando il gioco attivo e l'affiatamento.<br \/>\n\u2714 Facile manutenzione: Lavabile in lavatrice per una pulizia senza problemi (30\u00b0C, ciclo delicato)<\/p>\n<p>Sia che abbiate un cucciolo energico o un cane anziano tranquillo, il giocattolo Felix diventer\u00e0 sicuramente il loro nuovo preferito. La sua forma studiata permette di afferrarlo e trasportarlo facilmente, rendendolo perfetto per i giochi di recupero o per le sessioni di coccole.<\/p>\n<p>Investite nella felicit\u00e0 e nel benessere del vostro cane con il giocattolo Felix, il compagno di giochi in peluche che combina durata, divertimento e comfort.<\/p>","protected":false},"excerpt":{"rendered":"<p>Ecco FELIX, il giocattol per cani di tutte le et\u00e0. Questo giocattolo di design non \u00e8 solo un bel musetto, ma \u00e8 realizzato con cura con materiali di alta qualit\u00e0 e adatti ai cani. Dai cuccioli ai cani adulti, FELIX promette momenti indimenticabili di divertimento in compagnia.<\/p>","protected":false},"featured_media":32225,"template":"","meta":[],"product_brand":[],"product_cat":[42,95,53],"product_tag":[],"class_list":{"0":"post-32224","1":"product","2":"type-product","3":"status-publish","4":"has-post-thumbnail","6":"product_cat-all","7":"product_cat-dogs","8":"product_cat-toys-dogs","10":"first","11":"instock","12":"shipping-taxable","13":"purchasable","14":"product-type-simple"},"_links":{"self":[{"href":"https:\/\/koussikou.ch\/it\/wp-json\/wp\/v2\/product\/32224","targetHints":{"allow":["GET"]}}],"collection":[{"href":"https:\/\/koussikou.ch\/it\/wp-json\/wp\/v2\/product"}],"about":[{"href":"https:\/\/koussikou.ch\/it\/wp-json\/wp\/v2\/types\/product"}],"version-history":[{"count":2,"href":"https:\/\/koussikou.ch\/it\/wp-json\/wp\/v2\/product\/32224\/revisions"}],"predecessor-version":[{"id":32227,"href":"https:\/\/koussikou.ch\/it\/wp-json\/wp\/v2\/product\/32224\/revisions\/32227"}],"wp:featuredmedia":[{"embeddable":true,"href":"https:\/\/koussikou.ch\/it\/wp-json\/wp\/v2\/media\/32225"}],"wp:attachment":[{"href":"https:\/\/koussikou.ch\/it\/wp-json\/wp\/v2\/media?parent=32224"}],"wp:term":[{"taxonomy":"product_brand","embeddable":true,"href":"https:\/\/koussikou.ch\/it\/wp-json\/wp\/v2\/product_brand?post=32224"},{"taxonomy":"product_cat","embeddable":true,"href":"https:\/\/koussikou.ch\/it\/wp-json\/wp\/v2\/product_cat?post=32224"},{"taxonomy":"product_tag","embeddable":true,"href":"https:\/\/koussikou.ch\/it\/wp-json\/wp\/v2\/product_tag?post=32224"}],"curies":[{"name":"wp","href":"https:\/\/api.w.org\/{rel}","templated":true}]}}