{"id":32326,"date":"2024-08-08T13:35:22","date_gmt":"2024-08-08T11:35:22","guid":{"rendered":"https:\/\/koussikou.ch\/?post_type=product&#038;p=32326"},"modified":"2024-08-08T14:12:46","modified_gmt":"2024-08-08T12:12:46","slug":"freezack-dry-and-cool-towel","status":"publish","type":"product","link":"https:\/\/koussikou.ch\/it\/prodotto\/freezack-dry-and-cool-towel\/","title":{"rendered":"Freezack \u2013 Dry and Cool Towel"},"content":{"rendered":"<p>Questo asciugamano <strong><span style=\"color: #83b735;\">Freezack towel dry &amp; cool<\/span><\/strong> \u00e8 estremamente assorbente. \u00c8 adatto per asciugare il cane ed \u00e8 in grado di assorbire i liquidi subito dopo essere stato strizzato. Se completamente imbevuto d'acqua, \u00e8 ottimo anche per rinfrescare il cane in estate.<\/p>\n<p>Sciacquare accuratamente la salvietta prima di utilizzarla per la prima volta. Dopo l'uso, riporlo umido nel suo contenitore.<\/p>\n<p>\ud83d\udca7 Da usare dopo il nuoto, il bagno o una passeggiata sotto la pioggia.<\/p>\n<p>\u2744\ufe0f Per mantenersi freschi quando fa caldo.<\/p>\n<p>&nbsp;<\/p>","protected":false},"excerpt":{"rendered":"<p>L'asciugamano Freezack Dry and Cool \u00e8 progettato per asciugare rapidamente il cane. Realizzato con materiali assorbenti di alta qualit\u00e0, questo asciugamano versatile \u00e8 perfetto per le avventure all'aperto, le gite in spiaggia o semplicemente per rilassarsi a casa. Rimanete freschi e asciutti con Freezack!<\/p>","protected":false},"featured_media":32327,"template":"","meta":[],"product_brand":[],"product_cat":[42,95,131],"product_tag":[],"class_list":{"0":"post-32326","1":"product","2":"type-product","3":"status-publish","4":"has-post-thumbnail","6":"product_cat-all","7":"product_cat-dogs","8":"product_cat-travel-walk-dogs","10":"first","11":"instock","12":"shipping-taxable","13":"purchasable","14":"product-type-variable"},"_links":{"self":[{"href":"https:\/\/koussikou.ch\/it\/wp-json\/wp\/v2\/product\/32326","targetHints":{"allow":["GET"]}}],"collection":[{"href":"https:\/\/koussikou.ch\/it\/wp-json\/wp\/v2\/product"}],"about":[{"href":"https:\/\/koussikou.ch\/it\/wp-json\/wp\/v2\/types\/product"}],"version-history":[{"count":2,"href":"https:\/\/koussikou.ch\/it\/wp-json\/wp\/v2\/product\/32326\/revisions"}],"predecessor-version":[{"id":32334,"href":"https:\/\/koussikou.ch\/it\/wp-json\/wp\/v2\/product\/32326\/revisions\/32334"}],"wp:featuredmedia":[{"embeddable":true,"href":"https:\/\/koussikou.ch\/it\/wp-json\/wp\/v2\/media\/32327"}],"wp:attachment":[{"href":"https:\/\/koussikou.ch\/it\/wp-json\/wp\/v2\/media?parent=32326"}],"wp:term":[{"taxonomy":"product_brand","embeddable":true,"href":"https:\/\/koussikou.ch\/it\/wp-json\/wp\/v2\/product_brand?post=32326"},{"taxonomy":"product_cat","embeddable":true,"href":"https:\/\/koussikou.ch\/it\/wp-json\/wp\/v2\/product_cat?post=32326"},{"taxonomy":"product_tag","embeddable":true,"href":"https:\/\/koussikou.ch\/it\/wp-json\/wp\/v2\/product_tag?post=32326"}],"curies":[{"name":"wp","href":"https:\/\/api.w.org\/{rel}","templated":true}]}}