{"id":32562,"date":"2024-08-14T20:57:41","date_gmt":"2024-08-14T18:57:41","guid":{"rendered":"https:\/\/koussikou.ch\/?post_type=product&#038;p=32562"},"modified":"2025-07-15T12:41:24","modified_gmt":"2025-07-15T10:41:24","slug":"kong-h2o-dog-water-bottle","status":"publish","type":"product","link":"https:\/\/koussikou.ch\/it\/prodotto\/kong-h2o-dog-water-bottle\/","title":{"rendered":"Kong &#8211; H2O Dog Water Bottle"},"content":{"rendered":"<p>Mantenete il vostro cane idratato anche in viaggio con <strong><span style=\"color: #83b735;\">Kong H2O Dog Water Bottle<\/span><\/strong>! Crafted from durable, food-grade stainless steel, this stylish and functional bottle is designed for adventurous pet owners who love to explore the great outdoors with their canine companions.<\/p>\n<blockquote>\n<h5>Caratteristiche principali<\/h5>\n<\/blockquote>\n<p>Capacit\u00e0 generosa: Con una capacit\u00e0 di 740 ml, questa bottiglia fornisce acqua a sufficienza per il cane durante le lunghe passeggiate, le escursioni o le gite al parco.<\/p>\n<blockquote>\n<h5><strong>Design Innovativo<\/strong><\/h5>\n<\/blockquote>\n<p>La Kong H2O Bottle \u00e8 dotata di una ciotola da viaggio integrata, che consente di versare facilmente l'acqua per il vostro animale domestico senza bisogno di accessori aggiuntivi. Basta svitare il coperchio e lasciare che il vostro cucciolo beva comodamente!<\/p>\n<blockquote>\n<h5><strong>Durevole e sicuro<\/strong><\/h5>\n<\/blockquote>\n<p>Realizzata in acciaio inossidabile di alta qualit\u00e0 e per uso alimentare, questa bottiglia \u00e8 progettata per resistere ai rigori delle avventure all'aria aperta e per garantire la sicurezza del vostro animale. \u00c8 inoltre priva di BPA e di ftalati, il che la rende una scelta sana per il vostro amico peloso.<\/p>\n<blockquote>\n<h5><strong>Facile da trasportare<\/strong><\/h5>\n<\/blockquote>\n<p>Il design leggero e le comode dimensioni lo rendono facile da infilare nello zaino o da agganciare al guinzaglio, per essere sempre pronti all'idratazione in movimento.<br \/>\nElegante e funzionale: Disponibile in un colore vivace, la borraccia per cani Kong H2O unisce stile e praticit\u00e0, diventando un accessorio indispensabile per ogni proprietario di animali domestici.<\/p>\n<blockquote>\n<h5><strong>Perch\u00e9 scegliere Kong H2O<\/strong><\/h5>\n<\/blockquote>\n<p>La borraccia per cani H2O \u00e8 una soluzione affidabile per mantenere il cane idratato durante tutte le vostre avventure insieme.<\/p>\n<p>Che si tratti di un'escursione, di un campeggio o di una semplice giornata al parco, la borraccia per cani Kong H2O assicura che il vostro amato animale domestico rimanga rinfrescato e felice.<\/p>","protected":false},"excerpt":{"rendered":"<p>Mantenete il vostro cane idratato anche in viaggio con la borraccia per cani Kong H2O! Questa resistente borraccia in acciaio inossidabile \u00e8 dotata di una ciotola da viaggio integrata e contiene 740 ml di acqua, perfetta per escursioni, passeggiate e avventure all'aperto. Priva di BPA ed elegante, \u00e8 la soluzione definitiva per l'idratazione degli animali domestici attivi!<\/p>","protected":false},"featured_media":32565,"template":"","meta":[],"product_brand":[],"product_cat":[42,95,131],"product_tag":[],"class_list":{"0":"post-32562","1":"product","2":"type-product","3":"status-publish","4":"has-post-thumbnail","6":"product_cat-all","7":"product_cat-dogs","8":"product_cat-travel-walk-dogs","10":"first","11":"instock","12":"shipping-taxable","13":"purchasable","14":"product-type-variable"},"_links":{"self":[{"href":"https:\/\/koussikou.ch\/it\/wp-json\/wp\/v2\/product\/32562","targetHints":{"allow":["GET"]}}],"collection":[{"href":"https:\/\/koussikou.ch\/it\/wp-json\/wp\/v2\/product"}],"about":[{"href":"https:\/\/koussikou.ch\/it\/wp-json\/wp\/v2\/types\/product"}],"version-history":[{"count":7,"href":"https:\/\/koussikou.ch\/it\/wp-json\/wp\/v2\/product\/32562\/revisions"}],"predecessor-version":[{"id":32587,"href":"https:\/\/koussikou.ch\/it\/wp-json\/wp\/v2\/product\/32562\/revisions\/32587"}],"wp:featuredmedia":[{"embeddable":true,"href":"https:\/\/koussikou.ch\/it\/wp-json\/wp\/v2\/media\/32565"}],"wp:attachment":[{"href":"https:\/\/koussikou.ch\/it\/wp-json\/wp\/v2\/media?parent=32562"}],"wp:term":[{"taxonomy":"product_brand","embeddable":true,"href":"https:\/\/koussikou.ch\/it\/wp-json\/wp\/v2\/product_brand?post=32562"},{"taxonomy":"product_cat","embeddable":true,"href":"https:\/\/koussikou.ch\/it\/wp-json\/wp\/v2\/product_cat?post=32562"},{"taxonomy":"product_tag","embeddable":true,"href":"https:\/\/koussikou.ch\/it\/wp-json\/wp\/v2\/product_tag?post=32562"}],"curies":[{"name":"wp","href":"https:\/\/api.w.org\/{rel}","templated":true}]}}