{"id":32693,"date":"2025-04-07T15:16:42","date_gmt":"2025-04-07T13:16:42","guid":{"rendered":"https:\/\/koussikou.ch\/?post_type=product&#038;p=32693"},"modified":"2025-04-08T13:55:31","modified_gmt":"2025-04-08T11:55:31","slug":"all-for-paws-cool-dog-mat","status":"publish","type":"product","link":"https:\/\/koussikou.ch\/it\/prodotto\/all-for-paws-cool-dog-mat\/","title":{"rendered":"All for Paws &#8211; Cool Dog Mat"},"content":{"rendered":"<p>Il <strong><span style=\"color: #83b735;\">tappetino Always Cool Dog<\/span><\/strong> offre al tuo cane un posto dove riposare e rinfrescarsi durante le calde giornate estive \u2600\ufe0f. Il tappetino Always Cool Dog sar\u00e0 pi\u00f9 fresco (\u2744\ufe0f 10 a 15\u00b0) rispetto all'ambiente circostante per un massimo di 3-4 ore di utilizzo continuo. Per rinfrescarlo nuovamente, basta lasciare il tappetino inutilizzato per un breve periodo di tempo e il gel si rinfrescher\u00e0 automaticamente.<\/p>\n<blockquote>\n<h5><span style=\"color: #83b735;\">Caratteristiche<\/span><\/h5>\n<\/blockquote>\n<p>\u2714 Fresco e confortevole<\/p>\n<p>\u2714 Regola la temperatura corporea del tuo cane, riducendo cos\u00ec il rischio di surriscaldamento<\/p>\n<p>\u2714 Compatibile con casse e kennel<\/p>\n<p>\u2714 Facile da piegare<\/p>\n<p>\u2714 Portatile durante i viaggi<\/p>\n<p>\u2714 Facile da usare e da pulire semplicemente con un panno<\/p>\n<p>\u2714 Conservare nei mesi invernali per prolungare la durata del prodotto<\/p>\n<p>\u2714 M &#8211; 50 x 40 cm<\/p>\n<p>Non lasciare in pieno sole, calore o aria calda, poich\u00e9 ci\u00f2 influir\u00e0 sulle prestazioni del tappetino rinfrescante per cani.<\/p>","protected":false},"excerpt":{"rendered":"<p>Rilassati! e mantieni il tuo cane fresco! con il tappetino Always Cool Dog, riempito di gel rinfrescante \ud83d\udca7<\/p>","protected":false},"featured_media":32696,"template":"","meta":[],"product_brand":[],"product_cat":[42,95,130,131],"product_tag":[],"class_list":{"0":"post-32693","1":"product","2":"type-product","3":"status-publish","4":"has-post-thumbnail","6":"product_cat-all","7":"product_cat-dogs","8":"product_cat-sleep-relax-dogs","9":"product_cat-travel-walk-dogs","11":"first","12":"instock","13":"shipping-taxable","14":"purchasable","15":"product-type-simple"},"_links":{"self":[{"href":"https:\/\/koussikou.ch\/it\/wp-json\/wp\/v2\/product\/32693","targetHints":{"allow":["GET"]}}],"collection":[{"href":"https:\/\/koussikou.ch\/it\/wp-json\/wp\/v2\/product"}],"about":[{"href":"https:\/\/koussikou.ch\/it\/wp-json\/wp\/v2\/types\/product"}],"version-history":[{"count":8,"href":"https:\/\/koussikou.ch\/it\/wp-json\/wp\/v2\/product\/32693\/revisions"}],"predecessor-version":[{"id":32707,"href":"https:\/\/koussikou.ch\/it\/wp-json\/wp\/v2\/product\/32693\/revisions\/32707"}],"wp:featuredmedia":[{"embeddable":true,"href":"https:\/\/koussikou.ch\/it\/wp-json\/wp\/v2\/media\/32696"}],"wp:attachment":[{"href":"https:\/\/koussikou.ch\/it\/wp-json\/wp\/v2\/media?parent=32693"}],"wp:term":[{"taxonomy":"product_brand","embeddable":true,"href":"https:\/\/koussikou.ch\/it\/wp-json\/wp\/v2\/product_brand?post=32693"},{"taxonomy":"product_cat","embeddable":true,"href":"https:\/\/koussikou.ch\/it\/wp-json\/wp\/v2\/product_cat?post=32693"},{"taxonomy":"product_tag","embeddable":true,"href":"https:\/\/koussikou.ch\/it\/wp-json\/wp\/v2\/product_tag?post=32693"}],"curies":[{"name":"wp","href":"https:\/\/api.w.org\/{rel}","templated":true}]}}