{"id":32893,"date":"2025-04-27T11:14:22","date_gmt":"2025-04-27T09:14:22","guid":{"rendered":"https:\/\/koussikou.ch\/?post_type=product&#038;p=32893"},"modified":"2025-05-11T11:55:36","modified_gmt":"2025-05-11T09:55:36","slug":"hoopo-globes-playballs-3x","status":"publish","type":"product","link":"https:\/\/koussikou.ch\/it\/prodotto\/hoopo-globes-playballs-3x\/","title":{"rendered":"Hoopo &#8211; Globes Playballs 3x"},"content":{"rendered":"<p><strong><span style=\"color: #83b735;\">Il set di tre palline da gioco Hoopo Globes<\/span><\/strong> \u00e8 progettato appositamente per stimolare gli istinti naturali dei gatti e offrire loro ore di divertimento. Ogni pallina \u00e8 realizzata con cura in robusta corda di sisal, rendendola resistente anche alle sessioni di gioco pi\u00f9 intense. Il materiale naturale fornisce la texture perfetta per mantenere le loro unghie affilate e sane.<\/p>\n<p>Grazie alle dimensioni XL, i gatti possono sentirsi come veri cacciatori e usare le palline per giocare e per dare calci. E con un peso di soli 70 grammi per pallina, anche i gatti pi\u00f9 piccoli possono maneggiare le palline da gioco senza problemi.<\/p>\n<p>Giocare e dare calci dona al tuo gatto una sensazione di comfort, soddisfazione e relax, rendendo questo il regalo ideale per il tuo amico peloso.<\/p>\n<blockquote><p><strong><span style=\"color: #83b735;\">Vantaggi principali<\/span><\/strong><\/p><\/blockquote>\n<p>\u2714 Realizzato in corda di sisal di alta qualit\u00e0.<br \/>\n\u2714 Progettato appositamente per stimolare gli istinti naturali.<br \/>\n\u2714 Design creativo adatto a qualsiasi ambiente.<br \/>\n\u2714 Dimensione XL, ma leggero.<br \/>\n\u2714 Offre la sensazione di un cuscino da allattamento e di una palla da gioco.<br \/>\n\u2714 Ogni set contiene 3 giocattoli irresistibili per il tuo gatto.<\/p>\n<blockquote><p><strong><span style=\"color: #83b735;\">Adatto al mio gatto? \ud83d\udc08\u200d\u2b1b<\/span><\/strong><\/p><\/blockquote>\n<p>I Globes sono adatti a tutti i gatti e li incoraggiano a usare i loro istinti naturali, come colpire e impastare. Questo pu\u00f2 aiutarli a ridurre sentimenti di stress, ansia e noia.<\/p>","protected":false},"excerpt":{"rendered":"<p>Hoopo \u2013 Globes Playballs \u2013 il massimo divertimento per i gatti giocherelloni! Leggeri, resistenti e progettati per infinite sessioni di inseguimento e zampate. Intrattieni il tuo felino!<\/p>","protected":false},"featured_media":32904,"template":"","meta":[],"product_brand":[],"product_cat":[42,104,105],"product_tag":[],"class_list":{"0":"post-32893","1":"product","2":"type-product","3":"status-publish","4":"has-post-thumbnail","6":"product_cat-all","7":"product_cat-cats","8":"product_cat-toys-cats","10":"first","11":"instock","12":"shipping-taxable","13":"purchasable","14":"product-type-simple"},"_links":{"self":[{"href":"https:\/\/koussikou.ch\/it\/wp-json\/wp\/v2\/product\/32893","targetHints":{"allow":["GET"]}}],"collection":[{"href":"https:\/\/koussikou.ch\/it\/wp-json\/wp\/v2\/product"}],"about":[{"href":"https:\/\/koussikou.ch\/it\/wp-json\/wp\/v2\/types\/product"}],"version-history":[{"count":6,"href":"https:\/\/koussikou.ch\/it\/wp-json\/wp\/v2\/product\/32893\/revisions"}],"predecessor-version":[{"id":32905,"href":"https:\/\/koussikou.ch\/it\/wp-json\/wp\/v2\/product\/32893\/revisions\/32905"}],"wp:featuredmedia":[{"embeddable":true,"href":"https:\/\/koussikou.ch\/it\/wp-json\/wp\/v2\/media\/32904"}],"wp:attachment":[{"href":"https:\/\/koussikou.ch\/it\/wp-json\/wp\/v2\/media?parent=32893"}],"wp:term":[{"taxonomy":"product_brand","embeddable":true,"href":"https:\/\/koussikou.ch\/it\/wp-json\/wp\/v2\/product_brand?post=32893"},{"taxonomy":"product_cat","embeddable":true,"href":"https:\/\/koussikou.ch\/it\/wp-json\/wp\/v2\/product_cat?post=32893"},{"taxonomy":"product_tag","embeddable":true,"href":"https:\/\/koussikou.ch\/it\/wp-json\/wp\/v2\/product_tag?post=32893"}],"curies":[{"name":"wp","href":"https:\/\/api.w.org\/{rel}","templated":true}]}}