{"id":32919,"date":"2025-04-27T15:37:29","date_gmt":"2025-04-27T13:37:29","guid":{"rendered":"https:\/\/koussikou.ch\/?post_type=product&#038;p=32919"},"modified":"2025-05-02T12:59:21","modified_gmt":"2025-05-02T10:59:21","slug":"hoopo-flip-cat-bed","status":"publish","type":"product","link":"https:\/\/koussikou.ch\/it\/prodotto\/hoopo-flip-cat-bed\/","title":{"rendered":"Hoopo &#8211; Flip Cat Bed"},"content":{"rendered":"<p>Questo letto per gatti ultra morbido combina la migliore artigianalit\u00e0 con materiali di alta qualit\u00e0. Crea un comodo angolo per dormire ovunque in casa con <strong><span style=\"color: #83b735;\">il letto Flip<\/span><\/strong>, che pu\u00f2 essere posizionato su una sedia o sul divano. Il Flip ha un lato fresco e un lato caldo ed \u00e8 disponibile in quattro colori. Se la coperta si sporca, pu\u00f2 essere facilmente lavata in lavatrice.<\/p>\n<blockquote><p><strong><span style=\"color: #83b735;\">Vantaggi principali:<\/span><\/strong><\/p><\/blockquote>\n<p>\u2714 Letto per gatti ultra morbido e confortevole.<br \/>\n\u2714 Lavabile in lavatrice a 30\u00baC.<br \/>\n\u2714 Disponibile in quattro colori.<br \/>\n\u2714 The Flip has a cool side and an ultra soft warm side.<br \/>\n\u2714 Una bella aggiunta all'arredamento della vostra casa.<\/p>\n<blockquote><p><strong><span style=\"color: #83b735;\">Adatto al mio gatto? \ud83d\udc08\u200d\u2b1b<\/span><\/strong><\/p><\/blockquote>\n<p>Il Flip \u00e8 adatto a tutti i gatti e ha un lato fresco per le calde estati e un lato caldo e morbido per l\u2019inverno.<\/p>","protected":false},"excerpt":{"rendered":"<p>Accogliente, elegante e versatile\u2014Flip \u00e8 il letto per gatti definitivo! Comfort ultra-morbido, un lato caldo e uno fresco. Perfetto per sedie, divani e qualsiasi posto in cui il tuo gatto ami fare un pisolino! Disponibile in quattro colori alla moda.<\/p>","protected":false},"featured_media":32923,"template":"","meta":[],"product_brand":[],"product_cat":[42,104,129],"product_tag":[],"class_list":{"0":"post-32919","1":"product","2":"type-product","3":"status-publish","4":"has-post-thumbnail","6":"product_cat-all","7":"product_cat-cats","8":"product_cat-sleep-relax-cats","10":"first","11":"instock","12":"shipping-taxable","13":"purchasable","14":"product-type-variable"},"_links":{"self":[{"href":"https:\/\/koussikou.ch\/it\/wp-json\/wp\/v2\/product\/32919","targetHints":{"allow":["GET"]}}],"collection":[{"href":"https:\/\/koussikou.ch\/it\/wp-json\/wp\/v2\/product"}],"about":[{"href":"https:\/\/koussikou.ch\/it\/wp-json\/wp\/v2\/types\/product"}],"version-history":[{"count":4,"href":"https:\/\/koussikou.ch\/it\/wp-json\/wp\/v2\/product\/32919\/revisions"}],"predecessor-version":[{"id":32945,"href":"https:\/\/koussikou.ch\/it\/wp-json\/wp\/v2\/product\/32919\/revisions\/32945"}],"wp:featuredmedia":[{"embeddable":true,"href":"https:\/\/koussikou.ch\/it\/wp-json\/wp\/v2\/media\/32923"}],"wp:attachment":[{"href":"https:\/\/koussikou.ch\/it\/wp-json\/wp\/v2\/media?parent=32919"}],"wp:term":[{"taxonomy":"product_brand","embeddable":true,"href":"https:\/\/koussikou.ch\/it\/wp-json\/wp\/v2\/product_brand?post=32919"},{"taxonomy":"product_cat","embeddable":true,"href":"https:\/\/koussikou.ch\/it\/wp-json\/wp\/v2\/product_cat?post=32919"},{"taxonomy":"product_tag","embeddable":true,"href":"https:\/\/koussikou.ch\/it\/wp-json\/wp\/v2\/product_tag?post=32919"}],"curies":[{"name":"wp","href":"https:\/\/api.w.org\/{rel}","templated":true}]}}