{"id":32968,"date":"2025-04-28T11:08:17","date_gmt":"2025-04-28T09:08:17","guid":{"rendered":"https:\/\/koussikou.ch\/?post_type=product&#038;p=32968"},"modified":"2025-05-02T13:00:00","modified_gmt":"2025-05-02T11:00:00","slug":"hoopo-base-placemat","status":"publish","type":"product","link":"https:\/\/koussikou.ch\/it\/prodotto\/hoopo-base-placemat\/","title":{"rendered":"Hoopo &#8211; Base Placemat"},"content":{"rendered":"<p><span style=\"color: #83b735;\"><strong>Il sottopiatto Base<\/strong><\/span> \u00e8 realizzato al 100% in silicone, privo di BPA e quindi sicuro per il tuo gatto. Grazie a questo materiale, il sottopiatto \u00e8 completamente antiscivolo, cos\u00ec la ciotola del cibo o dell\u2019acqua rimane al suo posto e non si sposta mentre il tuo gatto mangia. Il design resistente non solo \u00e8 un bellissimo complemento per qualsiasi ambiente, ma \u00e8 anche facile da arrotolare e portare con s\u00e9. Il bordo rialzato impedisce all\u2019acqua o ad altri liquidi di fuoriuscire dal sottopiatto. Grazie ai diversi colori disponibili, puoi mescolarli e abbinarli in modo creativo. Il sottopiatto Base \u00e8 facile da pulire con un panno umido e pu\u00f2 essere semplicemente messo in lavastoviglie.<\/p>\n<blockquote><p><strong><span style=\"color: #83b735;\">Vantaggi principali<\/span><\/strong><\/p><\/blockquote>\n<p>\u2714 Le ciotole per cibo e acqua rimangono saldamente in posizione e non si spostano mentre il gatto mangia o beve.<br \/>\n\u2714 Perfetto da abbinare a Hoopo Tower, Ring o Plate.<br \/>\n\u2714 Disponibile nei colori rosa \/ bianco \/ grigio.<br \/>\n\u2714 Il bordo rialzato impedisce all\u2019acqua di fuoriuscire dal sottopiatto.<br \/>\n\u2714 Facile da arrotolare e trasportare: ideale per i viaggi.<br \/>\n\u2714 Un complemento perfetto per ogni ambiente elegante.<br \/>\nLavabile in lavastoviglie.<\/p>","protected":false},"excerpt":{"rendered":"<p>Tovaglietta antiscivolo in silicone per gatti: elegante, impermeabile e perfetta per i viaggi. Facile da pulire e ideale per la stabilit\u00e0 delle ciotole!<\/p>","protected":false},"featured_media":32992,"template":"","meta":[],"product_brand":[],"product_cat":[42,104,133],"product_tag":[],"class_list":{"0":"post-32968","1":"product","2":"type-product","3":"status-publish","4":"has-post-thumbnail","6":"product_cat-all","7":"product_cat-cats","8":"product_cat-eat-cats","10":"first","11":"instock","12":"shipping-taxable","13":"purchasable","14":"product-type-variable"},"_links":{"self":[{"href":"https:\/\/koussikou.ch\/it\/wp-json\/wp\/v2\/product\/32968","targetHints":{"allow":["GET"]}}],"collection":[{"href":"https:\/\/koussikou.ch\/it\/wp-json\/wp\/v2\/product"}],"about":[{"href":"https:\/\/koussikou.ch\/it\/wp-json\/wp\/v2\/types\/product"}],"version-history":[{"count":2,"href":"https:\/\/koussikou.ch\/it\/wp-json\/wp\/v2\/product\/32968\/revisions"}],"predecessor-version":[{"id":33001,"href":"https:\/\/koussikou.ch\/it\/wp-json\/wp\/v2\/product\/32968\/revisions\/33001"}],"wp:featuredmedia":[{"embeddable":true,"href":"https:\/\/koussikou.ch\/it\/wp-json\/wp\/v2\/media\/32992"}],"wp:attachment":[{"href":"https:\/\/koussikou.ch\/it\/wp-json\/wp\/v2\/media?parent=32968"}],"wp:term":[{"taxonomy":"product_brand","embeddable":true,"href":"https:\/\/koussikou.ch\/it\/wp-json\/wp\/v2\/product_brand?post=32968"},{"taxonomy":"product_cat","embeddable":true,"href":"https:\/\/koussikou.ch\/it\/wp-json\/wp\/v2\/product_cat?post=32968"},{"taxonomy":"product_tag","embeddable":true,"href":"https:\/\/koussikou.ch\/it\/wp-json\/wp\/v2\/product_tag?post=32968"}],"curies":[{"name":"wp","href":"https:\/\/api.w.org\/{rel}","templated":true}]}}